{"id":999,"date":"2019-03-29T07:34:03","date_gmt":"2019-03-29T07:34:03","guid":{"rendered":"http:\/\/traveltrade.hemsida.eu\/wp\/exero\/?page_id=255"},"modified":"2020-02-19T09:17:37","modified_gmt":"2020-02-19T08:17:37","slug":"ex-300","status":"publish","type":"page","link":"https:\/\/exero.se\/en\/ex-300\/","title":{"rendered":"Sorteringsskopa EX 300"},"content":{"rendered":"<div data-elementor-type=\"wp-post\" data-elementor-id=\"999\" class=\"elementor elementor-999\" data-elementor-post-type=\"page\">\n\t\t\t\t\t\t<section class=\"elementor-section elementor-top-section elementor-element elementor-element-17cfaa2 elementor-section-boxed elementor-section-height-default elementor-section-height-default\" data-id=\"17cfaa2\" data-element_type=\"section\" data-e-type=\"section\">\n\t\t\t\t\t\t<div class=\"elementor-container elementor-column-gap-default\">\n\t\t\t\t\t<div class=\"elementor-column elementor-col-50 elementor-top-column elementor-element elementor-element-1ad5e4b\" data-id=\"1ad5e4b\" data-element_type=\"column\" data-e-type=\"column\">\n\t\t\t<div class=\"elementor-widget-wrap elementor-element-populated\">\n\t\t\t\t\t\t<div class=\"elementor-element elementor-element-629eab4 elementor-widget elementor-widget-heading\" data-id=\"629eab4\" data-element_type=\"widget\" data-e-type=\"widget\" data-widget_type=\"heading.default\">\n\t\t\t\t<div class=\"elementor-widget-container\">\n\t\t\t\t\t<h1 class=\"elementor-heading-title elementor-size-default\">SCREENING BUCKET EX 300<\/h1>\t\t\t\t<\/div>\n\t\t\t\t<\/div>\n\t\t\t\t<div class=\"elementor-element elementor-element-1121125 elementor-widget elementor-widget-text-editor\" data-id=\"1121125\" data-element_type=\"widget\" data-e-type=\"widget\" data-widget_type=\"text-editor.default\">\n\t\t\t\t<div class=\"elementor-widget-container\">\n\t\t\t\t\t\t\t\t\t<ul><li>Perfect equipment for sorting and spreading of sand, salt, soil or similar material<\/li><li>Effective when sorting out stones form fields<\/li><li>Refilling electrical and drain trenches<\/li><li>Spreads the material evenly<\/li><li>Vibrates with a hydraulic vibrator<\/li><li>Sorting of several materials, adjustable from 20 mm to 200 mm<\/li><li>Fixed positions gives possibility to 50, 80, 115 and 175 mm fractions<\/li><li>Screen mesh can be mounted for smaller fractions<\/li><li>Easy mounting<\/li><li>Made in Sweden<\/li><\/ul>\t\t\t\t\t\t\t\t<\/div>\n\t\t\t\t<\/div>\n\t\t\t\t<section class=\"elementor-section elementor-inner-section elementor-element elementor-element-7489c55 elementor-section-boxed elementor-section-height-default elementor-section-height-default\" data-id=\"7489c55\" data-element_type=\"section\" data-e-type=\"section\">\n\t\t\t\t\t\t<div class=\"elementor-container elementor-column-gap-default\">\n\t\t\t\t\t<div class=\"elementor-column elementor-col-25 elementor-inner-column elementor-element elementor-element-51ab6c9\" data-id=\"51ab6c9\" data-element_type=\"column\" data-e-type=\"column\">\n\t\t\t<div class=\"elementor-widget-wrap elementor-element-populated\">\n\t\t\t\t\t\t<div class=\"elementor-element elementor-element-469b7f3 elementor-widget elementor-widget-text-editor\" data-id=\"469b7f3\" data-element_type=\"widget\" data-e-type=\"widget\" data-widget_type=\"text-editor.default\">\n\t\t\t\t<div class=\"elementor-widget-container\">\n\t\t\t\t\t\t\t\t\t<div class=\"page\" title=\"Page 4\"><div class=\"section\"><div class=\"layoutArea\"><div class=\"column\"><div class=\"page\" title=\"Page 8\"><div class=\"section\"><div class=\"layoutArea\"><div class=\"column\"><p class=\"translation-block\">Weight<br>Width<br>Min Hydraulic flow<br>Max Hydraulic flow<br>Max pressure<\/p><\/div><\/div><\/div><\/div><\/div><\/div><\/div><\/div>\t\t\t\t\t\t\t\t<\/div>\n\t\t\t\t<\/div>\n\t\t\t\t\t<\/div>\n\t\t<\/div>\n\t\t\t\t<div class=\"elementor-column elementor-col-25 elementor-inner-column elementor-element elementor-element-8932375\" data-id=\"8932375\" data-element_type=\"column\" data-e-type=\"column\">\n\t\t\t<div class=\"elementor-widget-wrap elementor-element-populated\">\n\t\t\t\t\t\t<div class=\"elementor-element elementor-element-704a056 elementor-widget elementor-widget-text-editor\" data-id=\"704a056\" data-element_type=\"widget\" data-e-type=\"widget\" data-widget_type=\"text-editor.default\">\n\t\t\t\t<div class=\"elementor-widget-container\">\n\t\t\t\t\t\t\t\t\t<div class=\"page\" title=\"Page 2\"><div class=\"section\"><div class=\"layoutArea\"><div class=\"column\"><div class=\"page\" title=\"Page 4\"><div class=\"section\"><div class=\"layoutArea\"><div class=\"column\"><div class=\"page\" title=\"Page 8\"><div class=\"section\"><div class=\"layoutArea\"><div class=\"column\"><p class=\"translation-block\">1250 kg (incl bucket)<br>2500 - 3000 mm<br>45 lpm<br>250 lpm<br>210 bar<\/p><\/div><\/div><\/div><\/div><\/div><\/div><\/div><\/div><\/div><\/div><\/div><\/div>\t\t\t\t\t\t\t\t<\/div>\n\t\t\t\t<\/div>\n\t\t\t\t\t<\/div>\n\t\t<\/div>\n\t\t\t\t<div class=\"elementor-column elementor-col-25 elementor-inner-column elementor-element elementor-element-7cabe6f\" data-id=\"7cabe6f\" data-element_type=\"column\" data-e-type=\"column\">\n\t\t\t<div class=\"elementor-widget-wrap\">\n\t\t\t\t\t\t\t<\/div>\n\t\t<\/div>\n\t\t\t\t<div class=\"elementor-column elementor-col-25 elementor-inner-column elementor-element elementor-element-fef2ede\" data-id=\"fef2ede\" data-element_type=\"column\" data-e-type=\"column\">\n\t\t\t<div class=\"elementor-widget-wrap\">\n\t\t\t\t\t\t\t<\/div>\n\t\t<\/div>\n\t\t\t\t\t<\/div>\n\t\t<\/section>\n\t\t\t\t<section class=\"elementor-section elementor-inner-section elementor-element elementor-element-65dd247 elementor-section-boxed elementor-section-height-default elementor-section-height-default\" data-id=\"65dd247\" data-element_type=\"section\" data-e-type=\"section\">\n\t\t\t\t\t\t<div class=\"elementor-container elementor-column-gap-default\">\n\t\t\t\t\t<div class=\"elementor-column elementor-col-25 elementor-inner-column elementor-element elementor-element-f3cf1f5\" data-id=\"f3cf1f5\" data-element_type=\"column\" data-e-type=\"column\">\n\t\t\t<div class=\"elementor-widget-wrap elementor-element-populated\">\n\t\t\t\t\t\t<div class=\"elementor-element elementor-element-25ff0b6 elementor-widget elementor-widget-text-editor\" data-id=\"25ff0b6\" data-element_type=\"widget\" data-e-type=\"widget\" data-widget_type=\"text-editor.default\">\n\t\t\t\t<div class=\"elementor-widget-container\">\n\t\t\t\t\t\t\t\t\t<div class=\"page\" title=\"Page 4\"><div class=\"section\"><div class=\"layoutArea\"><div class=\"column\"><div class=\"page\" title=\"Page 8\"><div class=\"section\"><div class=\"layoutArea\"><div class=\"column\"><p>Hydraulic hose<\/p><\/div><\/div><\/div><\/div><\/div><\/div><\/div><\/div>\t\t\t\t\t\t\t\t<\/div>\n\t\t\t\t<\/div>\n\t\t\t\t\t<\/div>\n\t\t<\/div>\n\t\t\t\t<div class=\"elementor-column elementor-col-25 elementor-inner-column elementor-element elementor-element-99682e9\" data-id=\"99682e9\" data-element_type=\"column\" data-e-type=\"column\">\n\t\t\t<div class=\"elementor-widget-wrap elementor-element-populated\">\n\t\t\t\t\t\t<div class=\"elementor-element elementor-element-6dee71a elementor-widget elementor-widget-text-editor\" data-id=\"6dee71a\" data-element_type=\"widget\" data-e-type=\"widget\" data-widget_type=\"text-editor.default\">\n\t\t\t\t<div class=\"elementor-widget-container\">\n\t\t\t\t\t\t\t\t\t<p>1\/2\", 2-steel wire layers for vibrator, 1\/4 \u201c 2-steel wire layers for the cylinders. Standard length when the coupling is placed on the quick \t\tcoupler<\/p>\t\t\t\t\t\t\t\t<\/div>\n\t\t\t\t<\/div>\n\t\t\t\t\t<\/div>\n\t\t<\/div>\n\t\t\t\t<div class=\"elementor-column elementor-col-25 elementor-inner-column elementor-element elementor-element-3f27981\" data-id=\"3f27981\" data-element_type=\"column\" data-e-type=\"column\">\n\t\t\t<div class=\"elementor-widget-wrap\">\n\t\t\t\t\t\t\t<\/div>\n\t\t<\/div>\n\t\t\t\t<div class=\"elementor-column elementor-col-25 elementor-inner-column elementor-element elementor-element-79d2059\" data-id=\"79d2059\" data-element_type=\"column\" data-e-type=\"column\">\n\t\t\t<div class=\"elementor-widget-wrap\">\n\t\t\t\t\t\t\t<\/div>\n\t\t<\/div>\n\t\t\t\t\t<\/div>\n\t\t<\/section>\n\t\t\t\t<section class=\"elementor-section elementor-inner-section elementor-element elementor-element-1a02780 elementor-section-boxed elementor-section-height-default elementor-section-height-default\" data-id=\"1a02780\" data-element_type=\"section\" data-e-type=\"section\">\n\t\t\t\t\t\t<div class=\"elementor-container elementor-column-gap-default\">\n\t\t\t\t\t<div class=\"elementor-column elementor-col-25 elementor-inner-column elementor-element elementor-element-6074803\" data-id=\"6074803\" data-element_type=\"column\" data-e-type=\"column\">\n\t\t\t<div class=\"elementor-widget-wrap elementor-element-populated\">\n\t\t\t\t\t\t<div class=\"elementor-element elementor-element-7ddc460 elementor-widget elementor-widget-text-editor\" data-id=\"7ddc460\" data-element_type=\"widget\" data-e-type=\"widget\" data-widget_type=\"text-editor.default\">\n\t\t\t\t<div class=\"elementor-widget-container\">\n\t\t\t\t\t\t\t\t\t<div class=\"page\" title=\"Page 4\"><div class=\"section\"><div class=\"layoutArea\"><div class=\"column\"><div class=\"page\" title=\"Page 8\"><div class=\"section\"><div class=\"layoutArea\"><div class=\"column\"><p>-<\/p><\/div><\/div><\/div><\/div><\/div><\/div><\/div><\/div>\t\t\t\t\t\t\t\t<\/div>\n\t\t\t\t<\/div>\n\t\t\t\t\t<\/div>\n\t\t<\/div>\n\t\t\t\t<div class=\"elementor-column elementor-col-25 elementor-inner-column elementor-element elementor-element-0173943\" data-id=\"0173943\" data-element_type=\"column\" data-e-type=\"column\">\n\t\t\t<div class=\"elementor-widget-wrap elementor-element-populated\">\n\t\t\t\t\t\t<div class=\"elementor-element elementor-element-caa0d96 elementor-widget elementor-widget-text-editor\" data-id=\"caa0d96\" data-element_type=\"widget\" data-e-type=\"widget\" data-widget_type=\"text-editor.default\">\n\t\t\t\t<div class=\"elementor-widget-container\">\n\t\t\t\t\t\t\t\t\t<p>-<\/p>\t\t\t\t\t\t\t\t<\/div>\n\t\t\t\t<\/div>\n\t\t\t\t\t<\/div>\n\t\t<\/div>\n\t\t\t\t<div class=\"elementor-column elementor-col-25 elementor-inner-column elementor-element elementor-element-4282254\" data-id=\"4282254\" data-element_type=\"column\" data-e-type=\"column\">\n\t\t\t<div class=\"elementor-widget-wrap elementor-element-populated\">\n\t\t\t\t\t\t<div class=\"elementor-element elementor-element-4f35736 elementor-widget elementor-widget-image\" data-id=\"4f35736\" data-element_type=\"widget\" data-e-type=\"widget\" data-widget_type=\"image.default\">\n\t\t\t\t<div class=\"elementor-widget-container\">\n\t\t\t\t\t\t\t\t\t\t\t\t\t\t\t\t<a href=\"http:\/\/exero.se\/wp-content\/uploads\/2019\/09\/Exero_produktblad_ex300_tryck_SV.pdf\">\n\t\t\t\t\t\t\t<img decoding=\"async\" width=\"150\" height=\"210\" src=\"https:\/\/exero.se\/wp-content\/uploads\/2019\/09\/ex300_sv.jpg\" class=\"attachment-large size-large wp-image-1209\" alt=\"ex300 sorteringsskopa\" \/>\t\t\t\t\t\t\t\t<\/a>\n\t\t\t\t\t\t\t\t\t\t\t\t\t\t\t<\/div>\n\t\t\t\t<\/div>\n\t\t\t\t\t<\/div>\n\t\t<\/div>\n\t\t\t\t<div class=\"elementor-column elementor-col-25 elementor-inner-column elementor-element elementor-element-9e8085b\" data-id=\"9e8085b\" data-element_type=\"column\" data-e-type=\"column\">\n\t\t\t<div class=\"elementor-widget-wrap elementor-element-populated\">\n\t\t\t\t\t\t<div class=\"elementor-element elementor-element-310a73d elementor-widget elementor-widget-image\" data-id=\"310a73d\" data-element_type=\"widget\" data-e-type=\"widget\" data-widget_type=\"image.default\">\n\t\t\t\t<div class=\"elementor-widget-container\">\n\t\t\t\t\t\t\t\t\t\t\t\t\t\t\t\t<a href=\"http:\/\/exero.se\/wp-content\/uploads\/2019\/09\/Exero_produktblad_ex300_ENG_tryck.pdf\">\n\t\t\t\t\t\t\t<img decoding=\"async\" width=\"150\" height=\"210\" src=\"https:\/\/exero.se\/wp-content\/uploads\/2019\/09\/ex300_eng.jpg\" class=\"attachment-large size-large wp-image-1210\" alt=\"ex300 screening bucket\" \/>\t\t\t\t\t\t\t\t<\/a>\n\t\t\t\t\t\t\t\t\t\t\t\t\t\t\t<\/div>\n\t\t\t\t<\/div>\n\t\t\t\t\t<\/div>\n\t\t<\/div>\n\t\t\t\t\t<\/div>\n\t\t<\/section>\n\t\t\t\t\t<\/div>\n\t\t<\/div>\n\t\t\t\t<div class=\"elementor-column elementor-col-50 elementor-top-column elementor-element elementor-element-1bbf832\" data-id=\"1bbf832\" data-element_type=\"column\" data-e-type=\"column\">\n\t\t\t<div class=\"elementor-widget-wrap elementor-element-populated\">\n\t\t\t\t\t\t<div class=\"elementor-element elementor-element-dfed8d7 elementor-widget elementor-widget-image\" data-id=\"dfed8d7\" data-element_type=\"widget\" data-e-type=\"widget\" data-widget_type=\"image.default\">\n\t\t\t\t<div class=\"elementor-widget-container\">\n\t\t\t\t\t\t\t\t\t\t\t\t\t\t\t<img fetchpriority=\"high\" decoding=\"async\" width=\"500\" height=\"334\" src=\"https:\/\/exero.se\/wp-content\/uploads\/2019\/03\/ex300.jpg\" class=\"attachment-large size-large wp-image-922\" alt=\"EXERO Spridningsskopa EX 300\" srcset=\"https:\/\/exero.se\/wp-content\/uploads\/2019\/03\/ex300.jpg 500w, https:\/\/exero.se\/wp-content\/uploads\/2019\/03\/ex300-300x200.jpg 300w, https:\/\/exero.se\/wp-content\/uploads\/2019\/03\/ex300-272x182.jpg 272w\" sizes=\"(max-width: 500px) 100vw, 500px\" \/>\t\t\t\t\t\t\t\t\t\t\t\t\t\t\t<\/div>\n\t\t\t\t<\/div>\n\t\t\t\t\t<\/div>\n\t\t<\/div>\n\t\t\t\t\t<\/div>\n\t\t<\/section>\n\t\t\t\t<\/div>","protected":false},"excerpt":{"rendered":"<p>SORTERINGSSKOPA EX 300 Idealiskt redskap vid sortering\/spridning av sand, salt, kross, matjord eller liknande material. Effektivt hj\u00e4lpmedel f\u00f6r bortplockning av sten fr\u00e5n \u00e5krar. \u00c5terfyllning av VA-diken och liknande. Sprider material i ett j\u00e4mnt lager. Vibrerar med hj\u00e4lp av hydraulisk vibrator. Sortering av diverse material, st\u00e4llbart fr\u00e5n 20 mm till 200 mm. Fasta l\u00e4gen f\u00f6r armeringsj\u00e4rn [&hellip;]<\/p>\n","protected":false},"author":5,"featured_media":0,"parent":0,"menu_order":0,"comment_status":"closed","ping_status":"closed","template":"elementor_header_footer","meta":{"footnotes":""},"class_list":["post-999","page","type-page","status-publish","hentry"],"yoast_head":"<!-- This site is optimized with the Yoast SEO plugin v27.4 - https:\/\/yoast.com\/product\/yoast-seo-wordpress\/ -->\n<title>Sorteringsskopa EX 300 - exero AB<\/title>\n<meta name=\"robots\" content=\"index, follow, max-snippet:-1, max-image-preview:large, max-video-preview:-1\" \/>\n<link rel=\"canonical\" href=\"https:\/\/exero.se\/en\/ex-300\/\" \/>\n<meta property=\"og:locale\" content=\"en_US\" \/>\n<meta property=\"og:type\" content=\"article\" \/>\n<meta property=\"og:title\" content=\"Sorteringsskopa EX 300 - exero AB\" \/>\n<meta property=\"og:description\" content=\"SORTERINGSSKOPA EX 300 Idealiskt redskap vid sortering\/spridning av sand, salt, kross, matjord eller liknande material. Effektivt hj\u00e4lpmedel f\u00f6r bortplockning av sten fr\u00e5n \u00e5krar. \u00c5terfyllning av VA-diken och liknande. Sprider material i ett j\u00e4mnt lager. Vibrerar med hj\u00e4lp av hydraulisk vibrator. Sortering av diverse material, st\u00e4llbart fr\u00e5n 20 mm till 200 mm. Fasta l\u00e4gen f\u00f6r armeringsj\u00e4rn [&hellip;]\" \/>\n<meta property=\"og:url\" content=\"https:\/\/exero.se\/en\/ex-300\/\" \/>\n<meta property=\"og:site_name\" content=\"exero AB\" \/>\n<meta property=\"article:modified_time\" content=\"2020-02-19T08:17:37+00:00\" \/>\n<meta property=\"og:image\" content=\"http:\/\/exero.se\/wp-content\/uploads\/2019\/09\/ex300_sv.jpg\" \/>\n<meta name=\"twitter:card\" content=\"summary_large_image\" \/>\n<meta name=\"twitter:label1\" content=\"Est. reading time\" \/>\n\t<meta name=\"twitter:data1\" content=\"1 minute\" \/>\n<script type=\"application\/ld+json\" class=\"yoast-schema-graph\">{\"@context\":\"https:\\\/\\\/schema.org\",\"@graph\":[{\"@type\":\"WebPage\",\"@id\":\"https:\\\/\\\/exero.se\\\/ex-300\\\/\",\"url\":\"https:\\\/\\\/exero.se\\\/ex-300\\\/\",\"name\":\"Sorteringsskopa EX 300 - exero AB\",\"isPartOf\":{\"@id\":\"http:\\\/\\\/exero.se\\\/#website\"},\"primaryImageOfPage\":{\"@id\":\"https:\\\/\\\/exero.se\\\/ex-300\\\/#primaryimage\"},\"image\":{\"@id\":\"https:\\\/\\\/exero.se\\\/ex-300\\\/#primaryimage\"},\"thumbnailUrl\":\"http:\\\/\\\/exero.se\\\/wp-content\\\/uploads\\\/2019\\\/09\\\/ex300_sv.jpg\",\"datePublished\":\"2019-03-29T07:34:03+00:00\",\"dateModified\":\"2020-02-19T08:17:37+00:00\",\"breadcrumb\":{\"@id\":\"https:\\\/\\\/exero.se\\\/ex-300\\\/#breadcrumb\"},\"inLanguage\":\"en-US\",\"potentialAction\":[{\"@type\":\"ReadAction\",\"target\":[\"https:\\\/\\\/exero.se\\\/ex-300\\\/\"]}]},{\"@type\":\"ImageObject\",\"inLanguage\":\"en-US\",\"@id\":\"https:\\\/\\\/exero.se\\\/ex-300\\\/#primaryimage\",\"url\":\"http:\\\/\\\/exero.se\\\/wp-content\\\/uploads\\\/2019\\\/09\\\/ex300_sv.jpg\",\"contentUrl\":\"http:\\\/\\\/exero.se\\\/wp-content\\\/uploads\\\/2019\\\/09\\\/ex300_sv.jpg\"},{\"@type\":\"BreadcrumbList\",\"@id\":\"https:\\\/\\\/exero.se\\\/ex-300\\\/#breadcrumb\",\"itemListElement\":[{\"@type\":\"ListItem\",\"position\":1,\"name\":\"Hem\",\"item\":\"http:\\\/\\\/exero.se\\\/\"},{\"@type\":\"ListItem\",\"position\":2,\"name\":\"Sorteringsskopa EX 300\"}]},{\"@type\":\"WebSite\",\"@id\":\"http:\\\/\\\/exero.se\\\/#website\",\"url\":\"http:\\\/\\\/exero.se\\\/\",\"name\":\"exero AB\",\"description\":\"Hydrauliska flak- och markvibratorer\",\"potentialAction\":[{\"@type\":\"SearchAction\",\"target\":{\"@type\":\"EntryPoint\",\"urlTemplate\":\"http:\\\/\\\/exero.se\\\/?s={search_term_string}\"},\"query-input\":{\"@type\":\"PropertyValueSpecification\",\"valueRequired\":true,\"valueName\":\"search_term_string\"}}],\"inLanguage\":\"en-US\"}]}<\/script>\n<!-- \/ Yoast SEO plugin. -->","yoast_head_json":{"title":"Sorteringsskopa EX 300 - exero AB","robots":{"index":"index","follow":"follow","max-snippet":"max-snippet:-1","max-image-preview":"max-image-preview:large","max-video-preview":"max-video-preview:-1"},"canonical":"https:\/\/exero.se\/en\/ex-300\/","og_locale":"en_US","og_type":"article","og_title":"Sorteringsskopa EX 300 - exero AB","og_description":"SORTERINGSSKOPA EX 300 Idealiskt redskap vid sortering\/spridning av sand, salt, kross, matjord eller liknande material. Effektivt hj\u00e4lpmedel f\u00f6r bortplockning av sten fr\u00e5n \u00e5krar. \u00c5terfyllning av VA-diken och liknande. Sprider material i ett j\u00e4mnt lager. Vibrerar med hj\u00e4lp av hydraulisk vibrator. Sortering av diverse material, st\u00e4llbart fr\u00e5n 20 mm till 200 mm. Fasta l\u00e4gen f\u00f6r armeringsj\u00e4rn [&hellip;]","og_url":"https:\/\/exero.se\/en\/ex-300\/","og_site_name":"exero AB","article_modified_time":"2020-02-19T08:17:37+00:00","og_image":[{"url":"http:\/\/exero.se\/wp-content\/uploads\/2019\/09\/ex300_sv.jpg","type":"","width":"","height":""}],"twitter_card":"summary_large_image","twitter_misc":{"Est. reading time":"1 minute"},"schema":{"@context":"https:\/\/schema.org","@graph":[{"@type":"WebPage","@id":"https:\/\/exero.se\/ex-300\/","url":"https:\/\/exero.se\/ex-300\/","name":"Sorteringsskopa EX 300 - exero AB","isPartOf":{"@id":"http:\/\/exero.se\/#website"},"primaryImageOfPage":{"@id":"https:\/\/exero.se\/ex-300\/#primaryimage"},"image":{"@id":"https:\/\/exero.se\/ex-300\/#primaryimage"},"thumbnailUrl":"http:\/\/exero.se\/wp-content\/uploads\/2019\/09\/ex300_sv.jpg","datePublished":"2019-03-29T07:34:03+00:00","dateModified":"2020-02-19T08:17:37+00:00","breadcrumb":{"@id":"https:\/\/exero.se\/ex-300\/#breadcrumb"},"inLanguage":"en-US","potentialAction":[{"@type":"ReadAction","target":["https:\/\/exero.se\/ex-300\/"]}]},{"@type":"ImageObject","inLanguage":"en-US","@id":"https:\/\/exero.se\/ex-300\/#primaryimage","url":"http:\/\/exero.se\/wp-content\/uploads\/2019\/09\/ex300_sv.jpg","contentUrl":"http:\/\/exero.se\/wp-content\/uploads\/2019\/09\/ex300_sv.jpg"},{"@type":"BreadcrumbList","@id":"https:\/\/exero.se\/ex-300\/#breadcrumb","itemListElement":[{"@type":"ListItem","position":1,"name":"Hem","item":"http:\/\/exero.se\/"},{"@type":"ListItem","position":2,"name":"Sorteringsskopa EX 300"}]},{"@type":"WebSite","@id":"http:\/\/exero.se\/#website","url":"http:\/\/exero.se\/","name":"exero AB","description":"Hydrauliska flak- och markvibratorer","potentialAction":[{"@type":"SearchAction","target":{"@type":"EntryPoint","urlTemplate":"http:\/\/exero.se\/?s={search_term_string}"},"query-input":{"@type":"PropertyValueSpecification","valueRequired":true,"valueName":"search_term_string"}}],"inLanguage":"en-US"}]}},"_links":{"self":[{"href":"https:\/\/exero.se\/en\/wp-json\/wp\/v2\/pages\/999","targetHints":{"allow":["GET"]}}],"collection":[{"href":"https:\/\/exero.se\/en\/wp-json\/wp\/v2\/pages"}],"about":[{"href":"https:\/\/exero.se\/en\/wp-json\/wp\/v2\/types\/page"}],"author":[{"embeddable":true,"href":"https:\/\/exero.se\/en\/wp-json\/wp\/v2\/users\/5"}],"replies":[{"embeddable":true,"href":"https:\/\/exero.se\/en\/wp-json\/wp\/v2\/comments?post=999"}],"version-history":[{"count":3,"href":"https:\/\/exero.se\/en\/wp-json\/wp\/v2\/pages\/999\/revisions"}],"predecessor-version":[{"id":1234,"href":"https:\/\/exero.se\/en\/wp-json\/wp\/v2\/pages\/999\/revisions\/1234"}],"wp:attachment":[{"href":"https:\/\/exero.se\/en\/wp-json\/wp\/v2\/media?parent=999"}],"curies":[{"name":"wp","href":"https:\/\/api.w.org\/{rel}","templated":true}]}}