{"id":984,"date":"2019-03-28T15:09:21","date_gmt":"2019-03-28T15:09:21","guid":{"rendered":"http:\/\/traveltrade.hemsida.eu\/wp\/exero\/?page_id=219"},"modified":"2020-02-19T09:06:38","modified_gmt":"2020-02-19T08:06:38","slug":"ex-41","status":"publish","type":"page","link":"https:\/\/exero.se\/en\/ex-41\/","title":{"rendered":"HYDRAULISK MARKVIBRATOR EX 41"},"content":{"rendered":"<div data-elementor-type=\"wp-post\" data-elementor-id=\"984\" class=\"elementor elementor-984\" data-elementor-post-type=\"page\">\n\t\t\t\t\t\t<section class=\"elementor-section elementor-top-section elementor-element elementor-element-2924a0a elementor-section-boxed elementor-section-height-default elementor-section-height-default\" data-id=\"2924a0a\" data-element_type=\"section\" data-e-type=\"section\">\n\t\t\t\t\t\t<div class=\"elementor-container elementor-column-gap-default\">\n\t\t\t\t\t<div class=\"elementor-column elementor-col-100 elementor-top-column elementor-element elementor-element-1ca3520\" data-id=\"1ca3520\" data-element_type=\"column\" data-e-type=\"column\">\n\t\t\t<div class=\"elementor-widget-wrap elementor-element-populated\">\n\t\t\t\t\t\t<div class=\"elementor-element elementor-element-3f9d3e1 elementor-widget elementor-widget-text-editor\" data-id=\"3f9d3e1\" data-element_type=\"widget\" data-e-type=\"widget\" data-widget_type=\"text-editor.default\">\n\t\t\t\t<div class=\"elementor-widget-container\">\n\t\t\t\t\t\t\t\t\t<p><a href=\"\/en\/hydrauliska-markvibratorer\/\">HYDRAULIC COMPACTORS<\/a>\u00a0<span style=\"color: #545454; font-family: arial, sans-serif; font-size: small;\">\u00bb EX 41<\/span><\/p>\t\t\t\t\t\t\t\t<\/div>\n\t\t\t\t<\/div>\n\t\t\t\t\t<\/div>\n\t\t<\/div>\n\t\t\t\t\t<\/div>\n\t\t<\/section>\n\t\t\t\t<section class=\"elementor-section elementor-top-section elementor-element elementor-element-9e40f77 elementor-section-boxed elementor-section-height-default elementor-section-height-default\" data-id=\"9e40f77\" data-element_type=\"section\" data-e-type=\"section\">\n\t\t\t\t\t\t<div class=\"elementor-container elementor-column-gap-default\">\n\t\t\t\t\t<div class=\"elementor-column elementor-col-50 elementor-top-column elementor-element elementor-element-176c431\" data-id=\"176c431\" data-element_type=\"column\" data-e-type=\"column\">\n\t\t\t<div class=\"elementor-widget-wrap elementor-element-populated\">\n\t\t\t\t\t\t<div class=\"elementor-element elementor-element-629eab4 elementor-widget elementor-widget-heading\" data-id=\"629eab4\" data-element_type=\"widget\" data-e-type=\"widget\" data-widget_type=\"heading.default\">\n\t\t\t\t<div class=\"elementor-widget-container\">\n\t\t\t\t\t<h1 class=\"elementor-heading-title elementor-size-default translation-block\">HYDRAULIC<br>COMPACTOR EX 41<\/h1>\t\t\t\t<\/div>\n\t\t\t\t<\/div>\n\t\t\t\t\t<\/div>\n\t\t<\/div>\n\t\t\t\t<div class=\"elementor-column elementor-col-50 elementor-top-column elementor-element elementor-element-30c3452\" data-id=\"30c3452\" data-element_type=\"column\" data-e-type=\"column\">\n\t\t\t<div class=\"elementor-widget-wrap\">\n\t\t\t\t\t\t\t<\/div>\n\t\t<\/div>\n\t\t\t\t\t<\/div>\n\t\t<\/section>\n\t\t\t\t<section class=\"elementor-section elementor-top-section elementor-element elementor-element-17cfaa2 elementor-section-boxed elementor-section-height-default elementor-section-height-default\" data-id=\"17cfaa2\" data-element_type=\"section\" data-e-type=\"section\">\n\t\t\t\t\t\t<div class=\"elementor-container elementor-column-gap-default\">\n\t\t\t\t\t<div class=\"elementor-column elementor-col-50 elementor-top-column elementor-element elementor-element-1ad5e4b\" data-id=\"1ad5e4b\" data-element_type=\"column\" data-e-type=\"column\">\n\t\t\t<div class=\"elementor-widget-wrap elementor-element-populated\">\n\t\t\t\t\t\t<div class=\"elementor-element elementor-element-1121125 elementor-widget elementor-widget-text-editor\" data-id=\"1121125\" data-element_type=\"widget\" data-e-type=\"widget\" data-widget_type=\"text-editor.default\">\n\t\t\t\t<div class=\"elementor-widget-container\">\n\t\t\t\t\t\t\t\t\t<p class=\"translation-block\">exero\u00b4s hydraulic compactors for excavator makes the work safer when compacting in hard to reach areas such as slopes, ditches and pits as no person needs to stay in the work area.\nexero\u00b4s compactors are excellent for compacting soil, trenches and slopes and also for driving piles.\nexero\u00b4s compact and open design with the quick hitch integrated to the base frame gives them a low  height and easy access for cleaning and maintenance<br>\nexero\u00b4s compactors are designed to manage high pressure on the return line which makes them extra suitable for use with Tiltrotators.<\/p>\t\t\t\t\t\t\t\t<\/div>\n\t\t\t\t<\/div>\n\t\t\t\t<div class=\"elementor-element elementor-element-57e1b6b elementor-hidden-desktop elementor-hidden-tablet elementor-widget elementor-widget-image\" data-id=\"57e1b6b\" data-element_type=\"widget\" data-e-type=\"widget\" data-widget_type=\"image.default\">\n\t\t\t\t<div class=\"elementor-widget-container\">\n\t\t\t\t\t\t\t\t\t\t\t\t\t\t\t<img fetchpriority=\"high\" decoding=\"async\" width=\"500\" height=\"416\" src=\"https:\/\/exero.se\/wp-content\/uploads\/2019\/03\/ex41.jpg\" class=\"attachment-large size-large wp-image-283\" alt=\"Hydraulisk Markvibrator Exero EX 41\" srcset=\"https:\/\/exero.se\/wp-content\/uploads\/2019\/03\/ex41.jpg 500w, https:\/\/exero.se\/wp-content\/uploads\/2019\/03\/ex41-300x250.jpg 300w\" sizes=\"(max-width: 500px) 100vw, 500px\" \/>\t\t\t\t\t\t\t\t\t\t\t\t\t\t\t<\/div>\n\t\t\t\t<\/div>\n\t\t\t\t<section class=\"elementor-section elementor-inner-section elementor-element elementor-element-7489c55 elementor-section-boxed elementor-section-height-default elementor-section-height-default\" data-id=\"7489c55\" data-element_type=\"section\" data-e-type=\"section\">\n\t\t\t\t\t\t<div class=\"elementor-container elementor-column-gap-default\">\n\t\t\t\t\t<div class=\"elementor-column elementor-col-25 elementor-inner-column elementor-element elementor-element-51ab6c9\" data-id=\"51ab6c9\" data-element_type=\"column\" data-e-type=\"column\">\n\t\t\t<div class=\"elementor-widget-wrap elementor-element-populated\">\n\t\t\t\t\t\t<div class=\"elementor-element elementor-element-469b7f3 elementor-widget elementor-widget-text-editor\" data-id=\"469b7f3\" data-element_type=\"widget\" data-e-type=\"widget\" data-widget_type=\"text-editor.default\">\n\t\t\t\t<div class=\"elementor-widget-container\">\n\t\t\t\t\t\t\t\t\t<p class=\"p1 translation-block\">Weight (kg)<br>Length (mm)<br>Width (mm)<br>Height (mm)<br>Vibration force (t)<br>Vibrational frequency (Hz)<br>Operating pressure (bar)<br>Min Hydraulic flow (lpm)<br>Max Hydraulic flow (lpm)<br>Max pressure (bar)<br>Max return pressure (bar)<br>Hose connection<\/p>\t\t\t\t\t\t\t\t<\/div>\n\t\t\t\t<\/div>\n\t\t\t\t\t<\/div>\n\t\t<\/div>\n\t\t\t\t<div class=\"elementor-column elementor-col-25 elementor-inner-column elementor-element elementor-element-8932375\" data-id=\"8932375\" data-element_type=\"column\" data-e-type=\"column\">\n\t\t\t<div class=\"elementor-widget-wrap elementor-element-populated\">\n\t\t\t\t\t\t<div class=\"elementor-element elementor-element-704a056 elementor-widget elementor-widget-text-editor\" data-id=\"704a056\" data-element_type=\"widget\" data-e-type=\"widget\" data-widget_type=\"text-editor.default\">\n\t\t\t\t<div class=\"elementor-widget-container\">\n\t\t\t\t\t\t\t\t\t<div class=\"page\" title=\"Page 2\"><div class=\"section\"><div class=\"layoutArea\"><div class=\"column\"><p class=\"translation-block\">360<br>1040<br>610\/680<br>720<br>4,1<br>33<br>150<br>45<br>250<br>210<br>50<br>R1\/2\u201d<\/p><\/div><\/div><\/div><\/div>\t\t\t\t\t\t\t\t<\/div>\n\t\t\t\t<\/div>\n\t\t\t\t\t<\/div>\n\t\t<\/div>\n\t\t\t\t<div class=\"elementor-column elementor-col-25 elementor-inner-column elementor-element elementor-element-0f3e4fa\" data-id=\"0f3e4fa\" data-element_type=\"column\" data-e-type=\"column\">\n\t\t\t<div class=\"elementor-widget-wrap elementor-element-populated\">\n\t\t\t\t\t\t<div class=\"elementor-element elementor-element-4882a39 elementor-widget elementor-widget-image\" data-id=\"4882a39\" data-element_type=\"widget\" data-e-type=\"widget\" data-widget_type=\"image.default\">\n\t\t\t\t<div class=\"elementor-widget-container\">\n\t\t\t\t\t\t\t\t\t\t\t\t<figure class=\"wp-caption\">\n\t\t\t\t\t\t\t\t\t\t\t<a href=\"\/wp-content\/uploads\/2019\/04\/exero_produktblad_markvibratorer.pdf\">\n\t\t\t\t\t\t\t<img decoding=\"async\" width=\"150\" height=\"210\" src=\"https:\/\/exero.se\/wp-content\/uploads\/2019\/04\/produktblad_markvibratorer.jpg\" class=\"attachment-large size-large wp-image-930\" alt=\"EXERO Produktblad Markvibratorer\" \/>\t\t\t\t\t\t\t\t<\/a>\n\t\t\t\t\t\t\t\t\t\t\t<figcaption class=\"widget-image-caption wp-caption-text\">Produktblad EX 41<\/figcaption>\n\t\t\t\t\t\t\t\t\t\t<\/figure>\n\t\t\t\t\t\t\t\t\t<\/div>\n\t\t\t\t<\/div>\n\t\t\t\t\t<\/div>\n\t\t<\/div>\n\t\t\t\t<div class=\"elementor-column elementor-col-25 elementor-inner-column elementor-element elementor-element-d3c4a56\" data-id=\"d3c4a56\" data-element_type=\"column\" data-e-type=\"column\">\n\t\t\t<div class=\"elementor-widget-wrap elementor-element-populated\">\n\t\t\t\t\t\t<div class=\"elementor-element elementor-element-c55f0b7 elementor-widget elementor-widget-image\" data-id=\"c55f0b7\" data-element_type=\"widget\" data-e-type=\"widget\" data-widget_type=\"image.default\">\n\t\t\t\t<div class=\"elementor-widget-container\">\n\t\t\t\t\t\t\t\t\t\t\t\t<figure class=\"wp-caption\">\n\t\t\t\t\t\t\t\t\t\t\t<a href=\"\/wp-content\/uploads\/2019\/04\/exero_hydraulic_compactors_product_sheet.pdf\">\n\t\t\t\t\t\t\t<img decoding=\"async\" width=\"150\" height=\"211\" src=\"https:\/\/exero.se\/wp-content\/uploads\/2019\/04\/exero_ex22_product_sheet.jpg\" class=\"attachment-large size-large wp-image-1092\" alt=\"exero hydraulic compactors product sheet\" \/>\t\t\t\t\t\t\t\t<\/a>\n\t\t\t\t\t\t\t\t\t\t\t<figcaption class=\"widget-image-caption wp-caption-text\">Product sheet EX 41<\/figcaption>\n\t\t\t\t\t\t\t\t\t\t<\/figure>\n\t\t\t\t\t\t\t\t\t<\/div>\n\t\t\t\t<\/div>\n\t\t\t\t\t<\/div>\n\t\t<\/div>\n\t\t\t\t\t<\/div>\n\t\t<\/section>\n\t\t\t\t\t<\/div>\n\t\t<\/div>\n\t\t\t\t<div class=\"elementor-column elementor-col-50 elementor-top-column elementor-element elementor-element-1bbf832\" data-id=\"1bbf832\" data-element_type=\"column\" data-e-type=\"column\">\n\t\t\t<div class=\"elementor-widget-wrap elementor-element-populated\">\n\t\t\t\t\t\t<div class=\"elementor-element elementor-element-dfed8d7 elementor-hidden-phone elementor-widget elementor-widget-image\" data-id=\"dfed8d7\" data-element_type=\"widget\" data-e-type=\"widget\" data-widget_type=\"image.default\">\n\t\t\t\t<div class=\"elementor-widget-container\">\n\t\t\t\t\t\t\t\t\t\t\t\t\t\t\t<img fetchpriority=\"high\" decoding=\"async\" width=\"500\" height=\"416\" src=\"https:\/\/exero.se\/wp-content\/uploads\/2019\/03\/ex41.jpg\" class=\"attachment-large size-large wp-image-283\" alt=\"Hydraulisk Markvibrator Exero EX 41\" srcset=\"https:\/\/exero.se\/wp-content\/uploads\/2019\/03\/ex41.jpg 500w, https:\/\/exero.se\/wp-content\/uploads\/2019\/03\/ex41-300x250.jpg 300w\" sizes=\"(max-width: 500px) 100vw, 500px\" \/>\t\t\t\t\t\t\t\t\t\t\t\t\t\t\t<\/div>\n\t\t\t\t<\/div>\n\t\t\t\t\t<\/div>\n\t\t<\/div>\n\t\t\t\t\t<\/div>\n\t\t<\/section>\n\t\t\t\t<\/div>","protected":false},"excerpt":{"rendered":"<p>Hydrauliska markvibratorer\u00a0\u00bb EX 41 HYDRAULISK MARKVIBRATOR EX 41 Maskinmonterade markvibratorer underl\u00e4ttar komprimering vid sv\u00e5r\u00e5tkomliga st\u00e4llen och \u00f6kar s\u00e4kerheten vid t ex komprimering i diken\/gropar d\u00e5 inga personer beh\u00f6ver vistas i arbetsomr\u00e5det.Markvibratorerna fungerar utm\u00e4rkt vid p\u00e5lning av t ex stolpar och skiljev\u00e4ggar.Sl\u00e4nter komprimeras l\u00e4ttare med maskinmonterade markvibratorer.Markvibratorerna klarar h\u00f6ga mottryck p\u00e5 returledningen, en egenskap som g\u00f6r [&hellip;]<\/p>\n","protected":false},"author":5,"featured_media":0,"parent":0,"menu_order":0,"comment_status":"closed","ping_status":"closed","template":"elementor_header_footer","meta":{"footnotes":""},"class_list":["post-984","page","type-page","status-publish","hentry"],"yoast_head":"<!-- This site is optimized with the Yoast SEO plugin v27.4 - https:\/\/yoast.com\/product\/yoast-seo-wordpress\/ -->\n<title>HYDRAULISK MARKVIBRATOR EX 41 - exero AB<\/title>\n<meta name=\"robots\" content=\"index, follow, max-snippet:-1, max-image-preview:large, max-video-preview:-1\" \/>\n<link rel=\"canonical\" href=\"https:\/\/exero.se\/en\/ex-41\/\" \/>\n<meta property=\"og:locale\" content=\"en_US\" \/>\n<meta property=\"og:type\" content=\"article\" \/>\n<meta property=\"og:title\" content=\"HYDRAULISK MARKVIBRATOR EX 41 - exero AB\" \/>\n<meta property=\"og:description\" content=\"Hydrauliska markvibratorer\u00a0\u00bb EX 41 HYDRAULISK MARKVIBRATOR EX 41 Maskinmonterade markvibratorer underl\u00e4ttar komprimering vid sv\u00e5r\u00e5tkomliga st\u00e4llen och \u00f6kar s\u00e4kerheten vid t ex komprimering i diken\/gropar d\u00e5 inga personer beh\u00f6ver vistas i arbetsomr\u00e5det.Markvibratorerna fungerar utm\u00e4rkt vid p\u00e5lning av t ex stolpar och skiljev\u00e4ggar.Sl\u00e4nter komprimeras l\u00e4ttare med maskinmonterade markvibratorer.Markvibratorerna klarar h\u00f6ga mottryck p\u00e5 returledningen, en egenskap som g\u00f6r [&hellip;]\" \/>\n<meta property=\"og:url\" content=\"https:\/\/exero.se\/en\/ex-41\/\" \/>\n<meta property=\"og:site_name\" content=\"exero AB\" \/>\n<meta property=\"article:modified_time\" content=\"2020-02-19T08:06:38+00:00\" \/>\n<meta property=\"og:image\" content=\"http:\/\/exero.se\/wp-content\/uploads\/2019\/03\/ex41.jpg\" \/>\n<meta name=\"twitter:card\" content=\"summary_large_image\" \/>\n<meta name=\"twitter:label1\" content=\"Est. reading time\" \/>\n\t<meta name=\"twitter:data1\" content=\"1 minute\" \/>\n<script type=\"application\/ld+json\" class=\"yoast-schema-graph\">{\"@context\":\"https:\\\/\\\/schema.org\",\"@graph\":[{\"@type\":\"WebPage\",\"@id\":\"https:\\\/\\\/exero.se\\\/ex-41\\\/\",\"url\":\"https:\\\/\\\/exero.se\\\/ex-41\\\/\",\"name\":\"HYDRAULISK MARKVIBRATOR EX 41 - exero AB\",\"isPartOf\":{\"@id\":\"http:\\\/\\\/exero.se\\\/#website\"},\"primaryImageOfPage\":{\"@id\":\"https:\\\/\\\/exero.se\\\/ex-41\\\/#primaryimage\"},\"image\":{\"@id\":\"https:\\\/\\\/exero.se\\\/ex-41\\\/#primaryimage\"},\"thumbnailUrl\":\"http:\\\/\\\/exero.se\\\/wp-content\\\/uploads\\\/2019\\\/03\\\/ex41.jpg\",\"datePublished\":\"2019-03-28T15:09:21+00:00\",\"dateModified\":\"2020-02-19T08:06:38+00:00\",\"breadcrumb\":{\"@id\":\"https:\\\/\\\/exero.se\\\/ex-41\\\/#breadcrumb\"},\"inLanguage\":\"en-US\",\"potentialAction\":[{\"@type\":\"ReadAction\",\"target\":[\"https:\\\/\\\/exero.se\\\/ex-41\\\/\"]}]},{\"@type\":\"ImageObject\",\"inLanguage\":\"en-US\",\"@id\":\"https:\\\/\\\/exero.se\\\/ex-41\\\/#primaryimage\",\"url\":\"http:\\\/\\\/exero.se\\\/wp-content\\\/uploads\\\/2019\\\/03\\\/ex41.jpg\",\"contentUrl\":\"http:\\\/\\\/exero.se\\\/wp-content\\\/uploads\\\/2019\\\/03\\\/ex41.jpg\"},{\"@type\":\"BreadcrumbList\",\"@id\":\"https:\\\/\\\/exero.se\\\/ex-41\\\/#breadcrumb\",\"itemListElement\":[{\"@type\":\"ListItem\",\"position\":1,\"name\":\"Hem\",\"item\":\"http:\\\/\\\/exero.se\\\/\"},{\"@type\":\"ListItem\",\"position\":2,\"name\":\"HYDRAULISK MARKVIBRATOR EX 41\"}]},{\"@type\":\"WebSite\",\"@id\":\"http:\\\/\\\/exero.se\\\/#website\",\"url\":\"http:\\\/\\\/exero.se\\\/\",\"name\":\"exero AB\",\"description\":\"Hydrauliska flak- och markvibratorer\",\"potentialAction\":[{\"@type\":\"SearchAction\",\"target\":{\"@type\":\"EntryPoint\",\"urlTemplate\":\"http:\\\/\\\/exero.se\\\/?s={search_term_string}\"},\"query-input\":{\"@type\":\"PropertyValueSpecification\",\"valueRequired\":true,\"valueName\":\"search_term_string\"}}],\"inLanguage\":\"en-US\"}]}<\/script>\n<!-- \/ Yoast SEO plugin. -->","yoast_head_json":{"title":"HYDRAULISK MARKVIBRATOR EX 41 - exero AB","robots":{"index":"index","follow":"follow","max-snippet":"max-snippet:-1","max-image-preview":"max-image-preview:large","max-video-preview":"max-video-preview:-1"},"canonical":"https:\/\/exero.se\/en\/ex-41\/","og_locale":"en_US","og_type":"article","og_title":"HYDRAULISK MARKVIBRATOR EX 41 - exero AB","og_description":"Hydrauliska markvibratorer\u00a0\u00bb EX 41 HYDRAULISK MARKVIBRATOR EX 41 Maskinmonterade markvibratorer underl\u00e4ttar komprimering vid sv\u00e5r\u00e5tkomliga st\u00e4llen och \u00f6kar s\u00e4kerheten vid t ex komprimering i diken\/gropar d\u00e5 inga personer beh\u00f6ver vistas i arbetsomr\u00e5det.Markvibratorerna fungerar utm\u00e4rkt vid p\u00e5lning av t ex stolpar och skiljev\u00e4ggar.Sl\u00e4nter komprimeras l\u00e4ttare med maskinmonterade markvibratorer.Markvibratorerna klarar h\u00f6ga mottryck p\u00e5 returledningen, en egenskap som g\u00f6r [&hellip;]","og_url":"https:\/\/exero.se\/en\/ex-41\/","og_site_name":"exero AB","article_modified_time":"2020-02-19T08:06:38+00:00","og_image":[{"url":"http:\/\/exero.se\/wp-content\/uploads\/2019\/03\/ex41.jpg","type":"","width":"","height":""}],"twitter_card":"summary_large_image","twitter_misc":{"Est. reading time":"1 minute"},"schema":{"@context":"https:\/\/schema.org","@graph":[{"@type":"WebPage","@id":"https:\/\/exero.se\/ex-41\/","url":"https:\/\/exero.se\/ex-41\/","name":"HYDRAULISK MARKVIBRATOR EX 41 - exero AB","isPartOf":{"@id":"http:\/\/exero.se\/#website"},"primaryImageOfPage":{"@id":"https:\/\/exero.se\/ex-41\/#primaryimage"},"image":{"@id":"https:\/\/exero.se\/ex-41\/#primaryimage"},"thumbnailUrl":"http:\/\/exero.se\/wp-content\/uploads\/2019\/03\/ex41.jpg","datePublished":"2019-03-28T15:09:21+00:00","dateModified":"2020-02-19T08:06:38+00:00","breadcrumb":{"@id":"https:\/\/exero.se\/ex-41\/#breadcrumb"},"inLanguage":"en-US","potentialAction":[{"@type":"ReadAction","target":["https:\/\/exero.se\/ex-41\/"]}]},{"@type":"ImageObject","inLanguage":"en-US","@id":"https:\/\/exero.se\/ex-41\/#primaryimage","url":"http:\/\/exero.se\/wp-content\/uploads\/2019\/03\/ex41.jpg","contentUrl":"http:\/\/exero.se\/wp-content\/uploads\/2019\/03\/ex41.jpg"},{"@type":"BreadcrumbList","@id":"https:\/\/exero.se\/ex-41\/#breadcrumb","itemListElement":[{"@type":"ListItem","position":1,"name":"Hem","item":"http:\/\/exero.se\/"},{"@type":"ListItem","position":2,"name":"HYDRAULISK MARKVIBRATOR EX 41"}]},{"@type":"WebSite","@id":"http:\/\/exero.se\/#website","url":"http:\/\/exero.se\/","name":"exero AB","description":"Hydrauliska flak- och markvibratorer","potentialAction":[{"@type":"SearchAction","target":{"@type":"EntryPoint","urlTemplate":"http:\/\/exero.se\/?s={search_term_string}"},"query-input":{"@type":"PropertyValueSpecification","valueRequired":true,"valueName":"search_term_string"}}],"inLanguage":"en-US"}]}},"_links":{"self":[{"href":"https:\/\/exero.se\/en\/wp-json\/wp\/v2\/pages\/984","targetHints":{"allow":["GET"]}}],"collection":[{"href":"https:\/\/exero.se\/en\/wp-json\/wp\/v2\/pages"}],"about":[{"href":"https:\/\/exero.se\/en\/wp-json\/wp\/v2\/types\/page"}],"author":[{"embeddable":true,"href":"https:\/\/exero.se\/en\/wp-json\/wp\/v2\/users\/5"}],"replies":[{"embeddable":true,"href":"https:\/\/exero.se\/en\/wp-json\/wp\/v2\/comments?post=984"}],"version-history":[{"count":10,"href":"https:\/\/exero.se\/en\/wp-json\/wp\/v2\/pages\/984\/revisions"}],"predecessor-version":[{"id":1223,"href":"https:\/\/exero.se\/en\/wp-json\/wp\/v2\/pages\/984\/revisions\/1223"}],"wp:attachment":[{"href":"https:\/\/exero.se\/en\/wp-json\/wp\/v2\/media?parent=984"}],"curies":[{"name":"wp","href":"https:\/\/api.w.org\/{rel}","templated":true}]}}