{"id":978,"date":"2019-03-28T09:33:54","date_gmt":"2019-03-28T09:33:54","guid":{"rendered":"http:\/\/traveltrade.hemsida.eu\/wp\/exero\/?page_id=125"},"modified":"2020-02-19T08:53:43","modified_gmt":"2020-02-19T07:53:43","slug":"hydrauliska-markvibratorer","status":"publish","type":"page","link":"https:\/\/exero.se\/en\/hydrauliska-markvibratorer\/","title":{"rendered":"HYDRAULIC COMPACTORS"},"content":{"rendered":"<div data-elementor-type=\"wp-post\" data-elementor-id=\"978\" class=\"elementor elementor-978\" data-elementor-post-type=\"page\">\n\t\t\t\t\t\t<section class=\"elementor-section elementor-top-section elementor-element elementor-element-d8fba06 elementor-section-boxed elementor-section-height-default elementor-section-height-default\" data-id=\"d8fba06\" data-element_type=\"section\" data-e-type=\"section\">\n\t\t\t\t\t\t<div class=\"elementor-container elementor-column-gap-default\">\n\t\t\t\t\t<div class=\"elementor-column elementor-col-50 elementor-top-column elementor-element elementor-element-afb7a68\" data-id=\"afb7a68\" data-element_type=\"column\" data-e-type=\"column\">\n\t\t\t<div class=\"elementor-widget-wrap elementor-element-populated\">\n\t\t\t\t\t\t<div class=\"elementor-element elementor-element-13caa51 elementor-widget elementor-widget-heading\" data-id=\"13caa51\" data-element_type=\"widget\" data-e-type=\"widget\" data-widget_type=\"heading.default\">\n\t\t\t\t<div class=\"elementor-widget-container\">\n\t\t\t\t\t<h1 class=\"elementor-heading-title elementor-size-default translation-block\">HYDRAULIC<br>COMPACTORS<\/h1>\t\t\t\t<\/div>\n\t\t\t\t<\/div>\n\t\t\t\t\t<\/div>\n\t\t<\/div>\n\t\t\t\t<div class=\"elementor-column elementor-col-50 elementor-top-column elementor-element elementor-element-431c783\" data-id=\"431c783\" data-element_type=\"column\" data-e-type=\"column\">\n\t\t\t<div class=\"elementor-widget-wrap\">\n\t\t\t\t\t\t\t<\/div>\n\t\t<\/div>\n\t\t\t\t\t<\/div>\n\t\t<\/section>\n\t\t\t\t<section class=\"elementor-section elementor-top-section elementor-element elementor-element-9f933f7 elementor-section-boxed elementor-section-height-default elementor-section-height-default\" data-id=\"9f933f7\" data-element_type=\"section\" data-e-type=\"section\">\n\t\t\t\t\t\t<div class=\"elementor-container elementor-column-gap-default\">\n\t\t\t\t\t<div class=\"elementor-column elementor-col-50 elementor-top-column elementor-element elementor-element-372b09f\" data-id=\"372b09f\" data-element_type=\"column\" data-e-type=\"column\">\n\t\t\t<div class=\"elementor-widget-wrap elementor-element-populated\">\n\t\t\t\t\t\t<div class=\"elementor-element elementor-element-2d6fd5e elementor-widget elementor-widget-text-editor\" data-id=\"2d6fd5e\" data-element_type=\"widget\" data-e-type=\"widget\" data-widget_type=\"text-editor.default\">\n\t\t\t\t<div class=\"elementor-widget-container\">\n\t\t\t\t\t\t\t\t\t<p>Exero\u00b4s hydraulic compactors for excavator makes the work safer when compacting in hard to reach areas such as slopes, ditches and pits as no person needs to stay in the work area.\nexero\u00b4s compactors are excellent for compacting soil, trenches and slopes and also for driving piles.\nexero\u00b4s compact and open design with the quick hitch integrated to the base frame gives them a low  height and easy access for cleaning and maintenance\nexero\u00b4s compactors are designed to manage high pressure on the return line which makes them extra suitable for use with Tiltrotators.<\/p>\t\t\t\t\t\t\t\t<\/div>\n\t\t\t\t<\/div>\n\t\t\t\t<div class=\"elementor-element elementor-element-65cd38b elementor-widget elementor-widget-heading\" data-id=\"65cd38b\" data-element_type=\"widget\" data-e-type=\"widget\" data-widget_type=\"heading.default\">\n\t\t\t\t<div class=\"elementor-widget-container\">\n\t\t\t\t\t<h3 class=\"elementor-heading-title elementor-size-default\">Key features<\/h3>\t\t\t\t<\/div>\n\t\t\t\t<\/div>\n\t\t\t\t<div class=\"elementor-element elementor-element-ec8aaee elementor-widget elementor-widget-text-editor\" data-id=\"ec8aaee\" data-element_type=\"widget\" data-e-type=\"widget\" data-widget_type=\"text-editor.default\">\n\t\t\t\t<div class=\"elementor-widget-container\">\n\t\t\t\t\t\t\t\t\t<ul><li>Safe work environment as no personal need to be in the work zone<\/li><li>Makes compacting easier for slopes and ditches<\/li><li>Driving of piling and sheet piling<\/li><li>Made in Sweden<\/li><li><span style=\"font-weight: 400;\">The integrated flow control makes it ready to be connected directly to the two-way extra outlet on the Tiltrotator<\/span><\/li><\/ul>\t\t\t\t\t\t\t\t<\/div>\n\t\t\t\t<\/div>\n\t\t\t\t<div class=\"elementor-element elementor-element-e3fa777 elementor-widget elementor-widget-heading\" data-id=\"e3fa777\" data-element_type=\"widget\" data-e-type=\"widget\" data-widget_type=\"heading.default\">\n\t\t\t\t<div class=\"elementor-widget-container\">\n\t\t\t\t\t<h3 class=\"elementor-heading-title elementor-size-default\">Our models<\/h3>\t\t\t\t<\/div>\n\t\t\t\t<\/div>\n\t\t\t\t<div class=\"elementor-element elementor-element-6ee7c5e elementor-widget elementor-widget-text-editor\" data-id=\"6ee7c5e\" data-element_type=\"widget\" data-e-type=\"widget\" data-widget_type=\"text-editor.default\">\n\t\t\t\t<div class=\"elementor-widget-container\">\n\t\t\t\t\t\t\t\t\t<ul><li><a href=\"\/en\/ex-22\/\">EX 22<\/a>\u00a0(2.2 t vibration force)<\/li><li><a href=\"\/en\/ex-34\/\">EX 34<\/a> (3.4 t vibration force)<\/li><li><a href=\"\/en\/ex-41\/\">EX 41<\/a> (4.1 t vibration force)<\/li><li><a href=\"\/en\/ex-65\/\">EX 65<\/a> (6.5 t vibration force)<\/li><\/ul>\t\t\t\t\t\t\t\t<\/div>\n\t\t\t\t<\/div>\n\t\t\t\t\t<\/div>\n\t\t<\/div>\n\t\t\t\t<div class=\"elementor-column elementor-col-50 elementor-top-column elementor-element elementor-element-c703965\" data-id=\"c703965\" data-element_type=\"column\" data-e-type=\"column\">\n\t\t\t<div class=\"elementor-widget-wrap elementor-element-populated\">\n\t\t\t\t\t\t<div class=\"elementor-element elementor-element-b68295e elementor-widget elementor-widget-image\" data-id=\"b68295e\" data-element_type=\"widget\" data-e-type=\"widget\" data-widget_type=\"image.default\">\n\t\t\t\t<div class=\"elementor-widget-container\">\n\t\t\t\t\t\t\t\t\t\t\t\t\t\t\t<img fetchpriority=\"high\" decoding=\"async\" width=\"500\" height=\"446\" src=\"https:\/\/exero.se\/wp-content\/uploads\/2019\/03\/ex22.jpg\" class=\"attachment-large size-large wp-image-916\" alt=\"Hydraulisk Markvibrator Exero EX 22\" srcset=\"https:\/\/exero.se\/wp-content\/uploads\/2019\/03\/ex22.jpg 500w, https:\/\/exero.se\/wp-content\/uploads\/2019\/03\/ex22-300x268.jpg 300w\" sizes=\"(max-width: 500px) 100vw, 500px\" \/>\t\t\t\t\t\t\t\t\t\t\t\t\t\t\t<\/div>\n\t\t\t\t<\/div>\n\t\t\t\t\t<\/div>\n\t\t<\/div>\n\t\t\t\t\t<\/div>\n\t\t<\/section>\n\t\t\t\t<\/div>","protected":false},"excerpt":{"rendered":"<p>HYDRAULISKAMARKVIBRATORER Hydrauliska markvibratorer med rej\u00e4l konstruktion och vibrationsd\u00e4mpare i gummi som skyddar maskinb\u00e4raren. Kan monteras p\u00e5 hjullastare och gr\u00e4vmaskin. Anv\u00e4ndningsomr\u00e5den P\u00e5lning av stolpar, r\u00f6r och skiljev\u00e4ggar Komprimering vid sv\u00e5r\u00e5tkomliga st\u00e4llen R\u00f6rgr\u00e4vsarbeten Packning av v\u00e4gbankar Komprimering av jord, r\u00f6rgravar, vallar och schackter V\u00e5ra modeller EX 22\u00a0(2,2 t vibrationskraft) EX 34 (3,4 t vibrationskraft) EX 41 (4,1 [&hellip;]<\/p>\n","protected":false},"author":5,"featured_media":0,"parent":0,"menu_order":0,"comment_status":"closed","ping_status":"closed","template":"elementor_header_footer","meta":{"footnotes":""},"class_list":["post-978","page","type-page","status-publish","hentry"],"yoast_head":"<!-- This site is optimized with the Yoast SEO plugin v27.4 - https:\/\/yoast.com\/product\/yoast-seo-wordpress\/ -->\n<title>Hydrauliska markvibratorer - exero AB<\/title>\n<meta name=\"robots\" content=\"index, follow, max-snippet:-1, max-image-preview:large, max-video-preview:-1\" \/>\n<link rel=\"canonical\" href=\"https:\/\/exero.se\/en\/hydrauliska-markvibratorer\/\" \/>\n<meta property=\"og:locale\" content=\"en_US\" \/>\n<meta property=\"og:type\" content=\"article\" \/>\n<meta property=\"og:title\" content=\"Hydrauliska markvibratorer - exero AB\" \/>\n<meta property=\"og:description\" content=\"HYDRAULISKAMARKVIBRATORER Hydrauliska markvibratorer med rej\u00e4l konstruktion och vibrationsd\u00e4mpare i gummi som skyddar maskinb\u00e4raren. Kan monteras p\u00e5 hjullastare och gr\u00e4vmaskin. Anv\u00e4ndningsomr\u00e5den P\u00e5lning av stolpar, r\u00f6r och skiljev\u00e4ggar Komprimering vid sv\u00e5r\u00e5tkomliga st\u00e4llen R\u00f6rgr\u00e4vsarbeten Packning av v\u00e4gbankar Komprimering av jord, r\u00f6rgravar, vallar och schackter V\u00e5ra modeller EX 22\u00a0(2,2 t vibrationskraft) EX 34 (3,4 t vibrationskraft) EX 41 (4,1 [&hellip;]\" \/>\n<meta property=\"og:url\" content=\"https:\/\/exero.se\/en\/hydrauliska-markvibratorer\/\" \/>\n<meta property=\"og:site_name\" content=\"exero AB\" \/>\n<meta property=\"article:modified_time\" content=\"2020-02-19T07:53:43+00:00\" \/>\n<meta property=\"og:image\" content=\"http:\/\/exero.se\/wp-content\/uploads\/2019\/03\/ex22.jpg\" \/>\n<meta name=\"twitter:card\" content=\"summary_large_image\" \/>\n<script type=\"application\/ld+json\" class=\"yoast-schema-graph\">{\"@context\":\"https:\\\/\\\/schema.org\",\"@graph\":[{\"@type\":\"WebPage\",\"@id\":\"https:\\\/\\\/exero.se\\\/hydrauliska-markvibratorer\\\/\",\"url\":\"https:\\\/\\\/exero.se\\\/hydrauliska-markvibratorer\\\/\",\"name\":\"Hydrauliska markvibratorer - exero AB\",\"isPartOf\":{\"@id\":\"http:\\\/\\\/exero.se\\\/#website\"},\"primaryImageOfPage\":{\"@id\":\"https:\\\/\\\/exero.se\\\/hydrauliska-markvibratorer\\\/#primaryimage\"},\"image\":{\"@id\":\"https:\\\/\\\/exero.se\\\/hydrauliska-markvibratorer\\\/#primaryimage\"},\"thumbnailUrl\":\"http:\\\/\\\/exero.se\\\/wp-content\\\/uploads\\\/2019\\\/03\\\/ex22.jpg\",\"datePublished\":\"2019-03-28T09:33:54+00:00\",\"dateModified\":\"2020-02-19T07:53:43+00:00\",\"breadcrumb\":{\"@id\":\"https:\\\/\\\/exero.se\\\/hydrauliska-markvibratorer\\\/#breadcrumb\"},\"inLanguage\":\"en-US\",\"potentialAction\":[{\"@type\":\"ReadAction\",\"target\":[\"https:\\\/\\\/exero.se\\\/hydrauliska-markvibratorer\\\/\"]}]},{\"@type\":\"ImageObject\",\"inLanguage\":\"en-US\",\"@id\":\"https:\\\/\\\/exero.se\\\/hydrauliska-markvibratorer\\\/#primaryimage\",\"url\":\"http:\\\/\\\/exero.se\\\/wp-content\\\/uploads\\\/2019\\\/03\\\/ex22.jpg\",\"contentUrl\":\"http:\\\/\\\/exero.se\\\/wp-content\\\/uploads\\\/2019\\\/03\\\/ex22.jpg\"},{\"@type\":\"BreadcrumbList\",\"@id\":\"https:\\\/\\\/exero.se\\\/hydrauliska-markvibratorer\\\/#breadcrumb\",\"itemListElement\":[{\"@type\":\"ListItem\",\"position\":1,\"name\":\"Hem\",\"item\":\"http:\\\/\\\/exero.se\\\/\"},{\"@type\":\"ListItem\",\"position\":2,\"name\":\"Hydrauliska markvibratorer\"}]},{\"@type\":\"WebSite\",\"@id\":\"http:\\\/\\\/exero.se\\\/#website\",\"url\":\"http:\\\/\\\/exero.se\\\/\",\"name\":\"exero AB\",\"description\":\"Hydrauliska flak- och markvibratorer\",\"potentialAction\":[{\"@type\":\"SearchAction\",\"target\":{\"@type\":\"EntryPoint\",\"urlTemplate\":\"http:\\\/\\\/exero.se\\\/?s={search_term_string}\"},\"query-input\":{\"@type\":\"PropertyValueSpecification\",\"valueRequired\":true,\"valueName\":\"search_term_string\"}}],\"inLanguage\":\"en-US\"}]}<\/script>\n<!-- \/ Yoast SEO plugin. -->","yoast_head_json":{"title":"Hydrauliska markvibratorer - exero AB","robots":{"index":"index","follow":"follow","max-snippet":"max-snippet:-1","max-image-preview":"max-image-preview:large","max-video-preview":"max-video-preview:-1"},"canonical":"https:\/\/exero.se\/en\/hydrauliska-markvibratorer\/","og_locale":"en_US","og_type":"article","og_title":"Hydrauliska markvibratorer - exero AB","og_description":"HYDRAULISKAMARKVIBRATORER Hydrauliska markvibratorer med rej\u00e4l konstruktion och vibrationsd\u00e4mpare i gummi som skyddar maskinb\u00e4raren. Kan monteras p\u00e5 hjullastare och gr\u00e4vmaskin. Anv\u00e4ndningsomr\u00e5den P\u00e5lning av stolpar, r\u00f6r och skiljev\u00e4ggar Komprimering vid sv\u00e5r\u00e5tkomliga st\u00e4llen R\u00f6rgr\u00e4vsarbeten Packning av v\u00e4gbankar Komprimering av jord, r\u00f6rgravar, vallar och schackter V\u00e5ra modeller EX 22\u00a0(2,2 t vibrationskraft) EX 34 (3,4 t vibrationskraft) EX 41 (4,1 [&hellip;]","og_url":"https:\/\/exero.se\/en\/hydrauliska-markvibratorer\/","og_site_name":"exero AB","article_modified_time":"2020-02-19T07:53:43+00:00","og_image":[{"url":"http:\/\/exero.se\/wp-content\/uploads\/2019\/03\/ex22.jpg","type":"","width":"","height":""}],"twitter_card":"summary_large_image","schema":{"@context":"https:\/\/schema.org","@graph":[{"@type":"WebPage","@id":"https:\/\/exero.se\/hydrauliska-markvibratorer\/","url":"https:\/\/exero.se\/hydrauliska-markvibratorer\/","name":"Hydrauliska markvibratorer - exero AB","isPartOf":{"@id":"http:\/\/exero.se\/#website"},"primaryImageOfPage":{"@id":"https:\/\/exero.se\/hydrauliska-markvibratorer\/#primaryimage"},"image":{"@id":"https:\/\/exero.se\/hydrauliska-markvibratorer\/#primaryimage"},"thumbnailUrl":"http:\/\/exero.se\/wp-content\/uploads\/2019\/03\/ex22.jpg","datePublished":"2019-03-28T09:33:54+00:00","dateModified":"2020-02-19T07:53:43+00:00","breadcrumb":{"@id":"https:\/\/exero.se\/hydrauliska-markvibratorer\/#breadcrumb"},"inLanguage":"en-US","potentialAction":[{"@type":"ReadAction","target":["https:\/\/exero.se\/hydrauliska-markvibratorer\/"]}]},{"@type":"ImageObject","inLanguage":"en-US","@id":"https:\/\/exero.se\/hydrauliska-markvibratorer\/#primaryimage","url":"http:\/\/exero.se\/wp-content\/uploads\/2019\/03\/ex22.jpg","contentUrl":"http:\/\/exero.se\/wp-content\/uploads\/2019\/03\/ex22.jpg"},{"@type":"BreadcrumbList","@id":"https:\/\/exero.se\/hydrauliska-markvibratorer\/#breadcrumb","itemListElement":[{"@type":"ListItem","position":1,"name":"Hem","item":"http:\/\/exero.se\/"},{"@type":"ListItem","position":2,"name":"Hydrauliska markvibratorer"}]},{"@type":"WebSite","@id":"http:\/\/exero.se\/#website","url":"http:\/\/exero.se\/","name":"exero AB","description":"Hydrauliska flak- och markvibratorer","potentialAction":[{"@type":"SearchAction","target":{"@type":"EntryPoint","urlTemplate":"http:\/\/exero.se\/?s={search_term_string}"},"query-input":{"@type":"PropertyValueSpecification","valueRequired":true,"valueName":"search_term_string"}}],"inLanguage":"en-US"}]}},"_links":{"self":[{"href":"https:\/\/exero.se\/en\/wp-json\/wp\/v2\/pages\/978","targetHints":{"allow":["GET"]}}],"collection":[{"href":"https:\/\/exero.se\/en\/wp-json\/wp\/v2\/pages"}],"about":[{"href":"https:\/\/exero.se\/en\/wp-json\/wp\/v2\/types\/page"}],"author":[{"embeddable":true,"href":"https:\/\/exero.se\/en\/wp-json\/wp\/v2\/users\/5"}],"replies":[{"embeddable":true,"href":"https:\/\/exero.se\/en\/wp-json\/wp\/v2\/comments?post=978"}],"version-history":[{"count":5,"href":"https:\/\/exero.se\/en\/wp-json\/wp\/v2\/pages\/978\/revisions"}],"predecessor-version":[{"id":1219,"href":"https:\/\/exero.se\/en\/wp-json\/wp\/v2\/pages\/978\/revisions\/1219"}],"wp:attachment":[{"href":"https:\/\/exero.se\/en\/wp-json\/wp\/v2\/media?parent=978"}],"curies":[{"name":"wp","href":"https:\/\/api.w.org\/{rel}","templated":true}]}}