{"id":343,"date":"2019-03-29T13:45:37","date_gmt":"2019-03-29T13:45:37","guid":{"rendered":"http:\/\/traveltrade.hemsida.eu\/wp\/exero\/?page_id=343"},"modified":"2020-02-19T08:40:19","modified_gmt":"2020-02-19T07:40:19","slug":"hydrauliska-flakvibratorer","status":"publish","type":"page","link":"https:\/\/exero.se\/en\/hydrauliska-flakvibratorer\/","title":{"rendered":"HYDRAULIC VIBRATORS"},"content":{"rendered":"<div data-elementor-type=\"wp-post\" data-elementor-id=\"343\" class=\"elementor elementor-343\" data-elementor-post-type=\"page\">\n\t\t\t\t\t\t<section class=\"elementor-section elementor-top-section elementor-element elementor-element-d8fba06 elementor-section-boxed elementor-section-height-default elementor-section-height-default\" data-id=\"d8fba06\" data-element_type=\"section\" data-e-type=\"section\">\n\t\t\t\t\t\t<div class=\"elementor-container elementor-column-gap-default\">\n\t\t\t\t\t<div class=\"elementor-column elementor-col-50 elementor-top-column elementor-element elementor-element-afb7a68\" data-id=\"afb7a68\" data-element_type=\"column\" data-e-type=\"column\">\n\t\t\t<div class=\"elementor-widget-wrap elementor-element-populated\">\n\t\t\t\t\t\t<div class=\"elementor-element elementor-element-13caa51 elementor-widget elementor-widget-heading\" data-id=\"13caa51\" data-element_type=\"widget\" data-e-type=\"widget\" data-widget_type=\"heading.default\">\n\t\t\t\t<div class=\"elementor-widget-container\">\n\t\t\t\t\t<h1 class=\"elementor-heading-title elementor-size-default translation-block\">HYDRAULIC<br>VIBRATORS<\/h1>\t\t\t\t<\/div>\n\t\t\t\t<\/div>\n\t\t\t\t\t<\/div>\n\t\t<\/div>\n\t\t\t\t<div class=\"elementor-column elementor-col-50 elementor-top-column elementor-element elementor-element-431c783\" data-id=\"431c783\" data-element_type=\"column\" data-e-type=\"column\">\n\t\t\t<div class=\"elementor-widget-wrap\">\n\t\t\t\t\t\t\t<\/div>\n\t\t<\/div>\n\t\t\t\t\t<\/div>\n\t\t<\/section>\n\t\t\t\t<section class=\"elementor-section elementor-top-section elementor-element elementor-element-9f933f7 elementor-section-boxed elementor-section-height-default elementor-section-height-default\" data-id=\"9f933f7\" data-element_type=\"section\" data-e-type=\"section\">\n\t\t\t\t\t\t<div class=\"elementor-container elementor-column-gap-default\">\n\t\t\t\t\t<div class=\"elementor-column elementor-col-50 elementor-top-column elementor-element elementor-element-372b09f\" data-id=\"372b09f\" data-element_type=\"column\" data-e-type=\"column\">\n\t\t\t<div class=\"elementor-widget-wrap elementor-element-populated\">\n\t\t\t\t\t\t<div class=\"elementor-element elementor-element-2d6fd5e elementor-widget elementor-widget-text-editor\" data-id=\"2d6fd5e\" data-element_type=\"widget\" data-e-type=\"widget\" data-widget_type=\"text-editor.default\">\n\t\t\t\t<div class=\"elementor-widget-container\">\n\t\t\t\t\t\t\t\t\t<p>For trucks, tipper trailers, buckets, construction machines and more.<\/p>\t\t\t\t\t\t\t\t<\/div>\n\t\t\t\t<\/div>\n\t\t\t\t<div class=\"elementor-element elementor-element-65cd38b elementor-widget elementor-widget-heading\" data-id=\"65cd38b\" data-element_type=\"widget\" data-e-type=\"widget\" data-widget_type=\"heading.default\">\n\t\t\t\t<div class=\"elementor-widget-container\">\n\t\t\t\t\t<h3 class=\"elementor-heading-title elementor-size-default\">Key features<\/h3>\t\t\t\t<\/div>\n\t\t\t\t<\/div>\n\t\t\t\t<div class=\"elementor-element elementor-element-ec8aaee elementor-widget elementor-widget-text-editor\" data-id=\"ec8aaee\" data-element_type=\"widget\" data-e-type=\"widget\" data-widget_type=\"text-editor.default\">\n\t\t\t\t<div class=\"elementor-widget-container\">\n\t\t\t\t\t\t\t\t\t<ul><li>Makes unloading of frozen and sticky material easy<\/li><li>Flow requirement only 45 lpm<\/li><li>Welded mounting or screw joints<\/li><li>Flow control with integrated cavitation protection<\/li><li>Easily connected to existing hydraulic quick coupler<\/li><li>Adjustable force (optional)<\/li><li>Made in Sweden<\/li><\/ul>\t\t\t\t\t\t\t\t<\/div>\n\t\t\t\t<\/div>\n\t\t\t\t<div class=\"elementor-element elementor-element-e3fa777 elementor-widget elementor-widget-heading\" data-id=\"e3fa777\" data-element_type=\"widget\" data-e-type=\"widget\" data-widget_type=\"heading.default\">\n\t\t\t\t<div class=\"elementor-widget-container\">\n\t\t\t\t\t<h3 class=\"elementor-heading-title elementor-size-default\">Our models<\/h3>\t\t\t\t<\/div>\n\t\t\t\t<\/div>\n\t\t\t\t<div class=\"elementor-element elementor-element-6ee7c5e elementor-widget elementor-widget-text-editor\" data-id=\"6ee7c5e\" data-element_type=\"widget\" data-e-type=\"widget\" data-widget_type=\"text-editor.default\">\n\t\t\t\t<div class=\"elementor-widget-container\">\n\t\t\t\t\t\t\t\t\t<ul><li><a href=\"\/en\/ex-8\/\">EX 8<\/a><\/li><li><a href=\"\/en\/ex-20\/\">EX 20<\/a><\/li><\/ul>\t\t\t\t\t\t\t\t<\/div>\n\t\t\t\t<\/div>\n\t\t\t\t\t<\/div>\n\t\t<\/div>\n\t\t\t\t<div class=\"elementor-column elementor-col-50 elementor-top-column elementor-element elementor-element-c703965\" data-id=\"c703965\" data-element_type=\"column\" data-e-type=\"column\">\n\t\t\t<div class=\"elementor-widget-wrap elementor-element-populated\">\n\t\t\t\t\t\t<div class=\"elementor-element elementor-element-b68295e elementor-widget elementor-widget-image\" data-id=\"b68295e\" data-element_type=\"widget\" data-e-type=\"widget\" data-widget_type=\"image.default\">\n\t\t\t\t<div class=\"elementor-widget-container\">\n\t\t\t\t\t\t\t\t\t\t\t\t\t\t\t<img fetchpriority=\"high\" decoding=\"async\" width=\"500\" height=\"367\" src=\"https:\/\/exero.se\/wp-content\/uploads\/2019\/03\/hydrauliska_flakvibratorer.jpg\" class=\"attachment-full size-full wp-image-924\" alt=\"Hydrauliska flakvibratorer\" srcset=\"https:\/\/exero.se\/wp-content\/uploads\/2019\/03\/hydrauliska_flakvibratorer.jpg 500w, https:\/\/exero.se\/wp-content\/uploads\/2019\/03\/hydrauliska_flakvibratorer-300x220.jpg 300w\" sizes=\"(max-width: 500px) 100vw, 500px\" \/>\t\t\t\t\t\t\t\t\t\t\t\t\t\t\t<\/div>\n\t\t\t\t<\/div>\n\t\t\t\t\t<\/div>\n\t\t<\/div>\n\t\t\t\t\t<\/div>\n\t\t<\/section>\n\t\t\t\t<\/div>","protected":false},"excerpt":{"rendered":"<p>HYDRAULISKAFLAKVIBRATORER F\u00f6r lastbilar, sl\u00e4pvagnar, dumperflak, entreprenadmaskiner mm. Anv\u00e4ndningsomr\u00e5den Idealisk vid lossning av fruset och kladdigt material Kan k\u00f6ras kontinuerligt Fl\u00f6desbehov endast 45 l\/min Skruvas eller svetsas fast Ansluts med snabbkoppling Vibreras med hj\u00e4lp av hydralmotor och specialkonstruerat aluminiumblock Omst\u00e4llbar med enkla handgrepp V\u00e5ra modeller EX 8 EX 20<\/p>","protected":false},"author":5,"featured_media":0,"parent":0,"menu_order":0,"comment_status":"closed","ping_status":"closed","template":"elementor_header_footer","meta":{"footnotes":""},"class_list":["post-343","page","type-page","status-publish","hentry"],"yoast_head":"<!-- This site is optimized with the Yoast SEO plugin v27.4 - https:\/\/yoast.com\/product\/yoast-seo-wordpress\/ -->\n<title>Hydrauliska flakvibratorer - exero AB<\/title>\n<meta name=\"robots\" content=\"index, follow, max-snippet:-1, max-image-preview:large, max-video-preview:-1\" \/>\n<link rel=\"canonical\" href=\"https:\/\/exero.se\/en\/hydrauliska-flakvibratorer\/\" \/>\n<meta property=\"og:locale\" content=\"en_US\" \/>\n<meta property=\"og:type\" content=\"article\" \/>\n<meta property=\"og:title\" content=\"Hydrauliska flakvibratorer - exero AB\" \/>\n<meta property=\"og:description\" content=\"HYDRAULISKAFLAKVIBRATORER F\u00f6r lastbilar, sl\u00e4pvagnar, dumperflak, entreprenadmaskiner mm. Anv\u00e4ndningsomr\u00e5den Idealisk vid lossning av fruset och kladdigt material Kan k\u00f6ras kontinuerligt Fl\u00f6desbehov endast 45 l\/min Skruvas eller svetsas fast Ansluts med snabbkoppling Vibreras med hj\u00e4lp av hydralmotor och specialkonstruerat aluminiumblock Omst\u00e4llbar med enkla handgrepp V\u00e5ra modeller EX 8 EX 20\" \/>\n<meta property=\"og:url\" content=\"https:\/\/exero.se\/en\/hydrauliska-flakvibratorer\/\" \/>\n<meta property=\"og:site_name\" content=\"exero AB\" \/>\n<meta property=\"article:modified_time\" content=\"2020-02-19T07:40:19+00:00\" \/>\n<meta property=\"og:image\" content=\"http:\/\/exero.se\/wp-content\/uploads\/2019\/03\/hydrauliska_flakvibratorer.jpg\" \/>\n<meta name=\"twitter:card\" content=\"summary_large_image\" \/>\n<script type=\"application\/ld+json\" class=\"yoast-schema-graph\">{\"@context\":\"https:\\\/\\\/schema.org\",\"@graph\":[{\"@type\":\"WebPage\",\"@id\":\"https:\\\/\\\/exero.se\\\/hydrauliska-flakvibratorer\\\/\",\"url\":\"https:\\\/\\\/exero.se\\\/hydrauliska-flakvibratorer\\\/\",\"name\":\"Hydrauliska flakvibratorer - exero AB\",\"isPartOf\":{\"@id\":\"http:\\\/\\\/exero.se\\\/#website\"},\"primaryImageOfPage\":{\"@id\":\"https:\\\/\\\/exero.se\\\/hydrauliska-flakvibratorer\\\/#primaryimage\"},\"image\":{\"@id\":\"https:\\\/\\\/exero.se\\\/hydrauliska-flakvibratorer\\\/#primaryimage\"},\"thumbnailUrl\":\"http:\\\/\\\/exero.se\\\/wp-content\\\/uploads\\\/2019\\\/03\\\/hydrauliska_flakvibratorer.jpg\",\"datePublished\":\"2019-03-29T13:45:37+00:00\",\"dateModified\":\"2020-02-19T07:40:19+00:00\",\"breadcrumb\":{\"@id\":\"https:\\\/\\\/exero.se\\\/hydrauliska-flakvibratorer\\\/#breadcrumb\"},\"inLanguage\":\"en-US\",\"potentialAction\":[{\"@type\":\"ReadAction\",\"target\":[\"https:\\\/\\\/exero.se\\\/hydrauliska-flakvibratorer\\\/\"]}]},{\"@type\":\"ImageObject\",\"inLanguage\":\"en-US\",\"@id\":\"https:\\\/\\\/exero.se\\\/hydrauliska-flakvibratorer\\\/#primaryimage\",\"url\":\"http:\\\/\\\/exero.se\\\/wp-content\\\/uploads\\\/2019\\\/03\\\/hydrauliska_flakvibratorer.jpg\",\"contentUrl\":\"http:\\\/\\\/exero.se\\\/wp-content\\\/uploads\\\/2019\\\/03\\\/hydrauliska_flakvibratorer.jpg\"},{\"@type\":\"BreadcrumbList\",\"@id\":\"https:\\\/\\\/exero.se\\\/hydrauliska-flakvibratorer\\\/#breadcrumb\",\"itemListElement\":[{\"@type\":\"ListItem\",\"position\":1,\"name\":\"Hem\",\"item\":\"http:\\\/\\\/exero.se\\\/\"},{\"@type\":\"ListItem\",\"position\":2,\"name\":\"Hydrauliska flakvibratorer\"}]},{\"@type\":\"WebSite\",\"@id\":\"http:\\\/\\\/exero.se\\\/#website\",\"url\":\"http:\\\/\\\/exero.se\\\/\",\"name\":\"exero AB\",\"description\":\"Hydrauliska flak- och markvibratorer\",\"potentialAction\":[{\"@type\":\"SearchAction\",\"target\":{\"@type\":\"EntryPoint\",\"urlTemplate\":\"http:\\\/\\\/exero.se\\\/?s={search_term_string}\"},\"query-input\":{\"@type\":\"PropertyValueSpecification\",\"valueRequired\":true,\"valueName\":\"search_term_string\"}}],\"inLanguage\":\"en-US\"}]}<\/script>\n<!-- \/ Yoast SEO plugin. -->","yoast_head_json":{"title":"Hydrauliska flakvibratorer - exero AB","robots":{"index":"index","follow":"follow","max-snippet":"max-snippet:-1","max-image-preview":"max-image-preview:large","max-video-preview":"max-video-preview:-1"},"canonical":"https:\/\/exero.se\/en\/hydrauliska-flakvibratorer\/","og_locale":"en_US","og_type":"article","og_title":"Hydrauliska flakvibratorer - exero AB","og_description":"HYDRAULISKAFLAKVIBRATORER F\u00f6r lastbilar, sl\u00e4pvagnar, dumperflak, entreprenadmaskiner mm. Anv\u00e4ndningsomr\u00e5den Idealisk vid lossning av fruset och kladdigt material Kan k\u00f6ras kontinuerligt Fl\u00f6desbehov endast 45 l\/min Skruvas eller svetsas fast Ansluts med snabbkoppling Vibreras med hj\u00e4lp av hydralmotor och specialkonstruerat aluminiumblock Omst\u00e4llbar med enkla handgrepp V\u00e5ra modeller EX 8 EX 20","og_url":"https:\/\/exero.se\/en\/hydrauliska-flakvibratorer\/","og_site_name":"exero AB","article_modified_time":"2020-02-19T07:40:19+00:00","og_image":[{"url":"http:\/\/exero.se\/wp-content\/uploads\/2019\/03\/hydrauliska_flakvibratorer.jpg","type":"","width":"","height":""}],"twitter_card":"summary_large_image","schema":{"@context":"https:\/\/schema.org","@graph":[{"@type":"WebPage","@id":"https:\/\/exero.se\/hydrauliska-flakvibratorer\/","url":"https:\/\/exero.se\/hydrauliska-flakvibratorer\/","name":"Hydrauliska flakvibratorer - exero AB","isPartOf":{"@id":"http:\/\/exero.se\/#website"},"primaryImageOfPage":{"@id":"https:\/\/exero.se\/hydrauliska-flakvibratorer\/#primaryimage"},"image":{"@id":"https:\/\/exero.se\/hydrauliska-flakvibratorer\/#primaryimage"},"thumbnailUrl":"http:\/\/exero.se\/wp-content\/uploads\/2019\/03\/hydrauliska_flakvibratorer.jpg","datePublished":"2019-03-29T13:45:37+00:00","dateModified":"2020-02-19T07:40:19+00:00","breadcrumb":{"@id":"https:\/\/exero.se\/hydrauliska-flakvibratorer\/#breadcrumb"},"inLanguage":"en-US","potentialAction":[{"@type":"ReadAction","target":["https:\/\/exero.se\/hydrauliska-flakvibratorer\/"]}]},{"@type":"ImageObject","inLanguage":"en-US","@id":"https:\/\/exero.se\/hydrauliska-flakvibratorer\/#primaryimage","url":"http:\/\/exero.se\/wp-content\/uploads\/2019\/03\/hydrauliska_flakvibratorer.jpg","contentUrl":"http:\/\/exero.se\/wp-content\/uploads\/2019\/03\/hydrauliska_flakvibratorer.jpg"},{"@type":"BreadcrumbList","@id":"https:\/\/exero.se\/hydrauliska-flakvibratorer\/#breadcrumb","itemListElement":[{"@type":"ListItem","position":1,"name":"Hem","item":"http:\/\/exero.se\/"},{"@type":"ListItem","position":2,"name":"Hydrauliska flakvibratorer"}]},{"@type":"WebSite","@id":"http:\/\/exero.se\/#website","url":"http:\/\/exero.se\/","name":"exero AB","description":"Hydrauliska flak- och markvibratorer","potentialAction":[{"@type":"SearchAction","target":{"@type":"EntryPoint","urlTemplate":"http:\/\/exero.se\/?s={search_term_string}"},"query-input":{"@type":"PropertyValueSpecification","valueRequired":true,"valueName":"search_term_string"}}],"inLanguage":"en-US"}]}},"_links":{"self":[{"href":"https:\/\/exero.se\/en\/wp-json\/wp\/v2\/pages\/343","targetHints":{"allow":["GET"]}}],"collection":[{"href":"https:\/\/exero.se\/en\/wp-json\/wp\/v2\/pages"}],"about":[{"href":"https:\/\/exero.se\/en\/wp-json\/wp\/v2\/types\/page"}],"author":[{"embeddable":true,"href":"https:\/\/exero.se\/en\/wp-json\/wp\/v2\/users\/5"}],"replies":[{"embeddable":true,"href":"https:\/\/exero.se\/en\/wp-json\/wp\/v2\/comments?post=343"}],"version-history":[{"count":4,"href":"https:\/\/exero.se\/en\/wp-json\/wp\/v2\/pages\/343\/revisions"}],"predecessor-version":[{"id":1215,"href":"https:\/\/exero.se\/en\/wp-json\/wp\/v2\/pages\/343\/revisions\/1215"}],"wp:attachment":[{"href":"https:\/\/exero.se\/en\/wp-json\/wp\/v2\/media?parent=343"}],"curies":[{"name":"wp","href":"https:\/\/api.w.org\/{rel}","templated":true}]}}