{"id":101,"date":"2019-03-28T07:41:09","date_gmt":"2019-03-28T07:41:09","guid":{"rendered":"http:\/\/traveltrade.hemsida.eu\/wp\/exero\/?page_id=101"},"modified":"2019-09-13T15:39:19","modified_gmt":"2019-09-13T13:39:19","slug":"kontakt","status":"publish","type":"page","link":"https:\/\/exero.se\/en\/kontakt\/","title":{"rendered":"Contact us"},"content":{"rendered":"<div data-elementor-type=\"wp-post\" data-elementor-id=\"101\" class=\"elementor elementor-101\" data-elementor-post-type=\"page\">\n\t\t\t\t\t\t<section class=\"elementor-section elementor-top-section elementor-element elementor-element-c839d4e elementor-section-boxed elementor-section-height-default elementor-section-height-default\" data-id=\"c839d4e\" data-element_type=\"section\" data-e-type=\"section\">\n\t\t\t\t\t\t<div class=\"elementor-container elementor-column-gap-default\">\n\t\t\t\t\t<div class=\"elementor-column elementor-col-50 elementor-top-column elementor-element elementor-element-0889d06\" data-id=\"0889d06\" data-element_type=\"column\" data-e-type=\"column\">\n\t\t\t<div class=\"elementor-widget-wrap elementor-element-populated\">\n\t\t\t\t\t\t<div class=\"elementor-element elementor-element-d3f190f elementor-widget elementor-widget-heading\" data-id=\"d3f190f\" data-element_type=\"widget\" data-e-type=\"widget\" data-widget_type=\"heading.default\">\n\t\t\t\t<div class=\"elementor-widget-container\">\n\t\t\t\t\t<h1 class=\"elementor-heading-title elementor-size-default\">CONTACT US<\/h1>\t\t\t\t<\/div>\n\t\t\t\t<\/div>\n\t\t\t\t\t<\/div>\n\t\t<\/div>\n\t\t\t\t<div class=\"elementor-column elementor-col-50 elementor-top-column elementor-element elementor-element-90c82cc\" data-id=\"90c82cc\" data-element_type=\"column\" data-e-type=\"column\">\n\t\t\t<div class=\"elementor-widget-wrap\">\n\t\t\t\t\t\t\t<\/div>\n\t\t<\/div>\n\t\t\t\t\t<\/div>\n\t\t<\/section>\n\t\t\t\t<section class=\"elementor-section elementor-top-section elementor-element elementor-element-3b16d03 elementor-section-boxed elementor-section-height-default elementor-section-height-default\" data-id=\"3b16d03\" data-element_type=\"section\" data-e-type=\"section\">\n\t\t\t\t\t\t<div class=\"elementor-container elementor-column-gap-default\">\n\t\t\t\t\t<div class=\"elementor-column elementor-col-50 elementor-top-column elementor-element elementor-element-ebb95bc\" data-id=\"ebb95bc\" data-element_type=\"column\" data-e-type=\"column\">\n\t\t\t<div class=\"elementor-widget-wrap elementor-element-populated\">\n\t\t\t\t\t\t<div class=\"elementor-element elementor-element-4f24d77 elementor-widget elementor-widget-text-editor\" data-id=\"4f24d77\" data-element_type=\"widget\" data-e-type=\"widget\" data-widget_type=\"text-editor.default\">\n\t\t\t\t<div class=\"elementor-widget-container\">\n\t\t\t\t\t\t\t\t\t<p class=\"translation-block\">Please do not hesitate to contact us if you have any questions or would like to place an order. Give us a call, send an email or fill out the form and we will get back to you as soon as possible!<\/p>\t\t\t\t\t\t\t\t<\/div>\n\t\t\t\t<\/div>\n\t\t\t\t<section class=\"elementor-section elementor-inner-section elementor-element elementor-element-bfb10dd elementor-section-boxed elementor-section-height-default elementor-section-height-default\" data-id=\"bfb10dd\" data-element_type=\"section\" data-e-type=\"section\">\n\t\t\t\t\t\t<div class=\"elementor-container elementor-column-gap-default\">\n\t\t\t\t\t<div class=\"elementor-column elementor-col-50 elementor-inner-column elementor-element elementor-element-b27d6dc\" data-id=\"b27d6dc\" data-element_type=\"column\" data-e-type=\"column\">\n\t\t\t<div class=\"elementor-widget-wrap elementor-element-populated\">\n\t\t\t\t\t\t<div class=\"elementor-element elementor-element-b755312 elementor-widget elementor-widget-image\" data-id=\"b755312\" data-element_type=\"widget\" data-e-type=\"widget\" data-widget_type=\"image.default\">\n\t\t\t\t<div class=\"elementor-widget-container\">\n\t\t\t\t\t\t\t\t\t\t\t\t\t\t\t<img decoding=\"async\" width=\"150\" height=\"150\" src=\"http:\/\/exero.se\/wp-content\/uploads\/2019\/04\/silouette.png\" class=\"attachment-large size-large wp-image-965\" alt=\"\" \/>\t\t\t\t\t\t\t\t\t\t\t\t\t\t\t<\/div>\n\t\t\t\t<\/div>\n\t\t\t\t\t<\/div>\n\t\t<\/div>\n\t\t\t\t<div class=\"elementor-column elementor-col-50 elementor-inner-column elementor-element elementor-element-514a0e7\" data-id=\"514a0e7\" data-element_type=\"column\" data-e-type=\"column\">\n\t\t\t<div class=\"elementor-widget-wrap elementor-element-populated\">\n\t\t\t\t\t\t<div class=\"elementor-element elementor-element-b4c7a12 elementor-widget elementor-widget-text-editor\" data-id=\"b4c7a12\" data-element_type=\"widget\" data-e-type=\"widget\" data-widget_type=\"text-editor.default\">\n\t\t\t\t<div class=\"elementor-widget-container\">\n\t\t\t\t\t\t\t\t\t<p style=\"color: #54595f; font-family: 'Open Sans', sans-serif; font-size: 14px;\"><b>Henrik Munther<\/b><\/p>\n<p style=\"color: #54595f; font-family: 'Open Sans', sans-serif; font-size: 14px;\">Sales<\/p>\n<p style=\"color: #54595f; font-family: 'Open Sans', sans-serif; font-size: 14px;\"><span style=\"font-weight: bold;\">Tel.<\/span> <a href=\"tel:+46661140885\">+46(0)661 \u2013 140 885<\/a><\/p>\n<p style=\"color: #54595f; font-family: 'Open Sans', sans-serif; font-size: 14px;\"><a href=\"mailto:henrik.munther@exero.se\">henrik.munther@exero.se<\/a><\/p>\t\t\t\t\t\t\t\t<\/div>\n\t\t\t\t<\/div>\n\t\t\t\t\t<\/div>\n\t\t<\/div>\n\t\t\t\t\t<\/div>\n\t\t<\/section>\n\t\t\t\t<section class=\"elementor-section elementor-inner-section elementor-element elementor-element-5f627af elementor-section-boxed elementor-section-height-default elementor-section-height-default\" data-id=\"5f627af\" data-element_type=\"section\" data-e-type=\"section\">\n\t\t\t\t\t\t<div class=\"elementor-container elementor-column-gap-default\">\n\t\t\t\t\t<div class=\"elementor-column elementor-col-50 elementor-inner-column elementor-element elementor-element-ae13a10\" data-id=\"ae13a10\" data-element_type=\"column\" data-e-type=\"column\">\n\t\t\t<div class=\"elementor-widget-wrap elementor-element-populated\">\n\t\t\t\t\t\t<div class=\"elementor-element elementor-element-3bca331 elementor-widget elementor-widget-image\" data-id=\"3bca331\" data-element_type=\"widget\" data-e-type=\"widget\" data-widget_type=\"image.default\">\n\t\t\t\t<div class=\"elementor-widget-container\">\n\t\t\t\t\t\t\t\t\t\t\t\t\t\t\t<img decoding=\"async\" width=\"150\" height=\"150\" src=\"http:\/\/exero.se\/wp-content\/uploads\/2019\/04\/silouette.png\" class=\"attachment-large size-large wp-image-965\" alt=\"\" \/>\t\t\t\t\t\t\t\t\t\t\t\t\t\t\t<\/div>\n\t\t\t\t<\/div>\n\t\t\t\t\t<\/div>\n\t\t<\/div>\n\t\t\t\t<div class=\"elementor-column elementor-col-50 elementor-inner-column elementor-element elementor-element-1835a1d\" data-id=\"1835a1d\" data-element_type=\"column\" data-e-type=\"column\">\n\t\t\t<div class=\"elementor-widget-wrap elementor-element-populated\">\n\t\t\t\t\t\t<div class=\"elementor-element elementor-element-71e9852 elementor-widget elementor-widget-text-editor\" data-id=\"71e9852\" data-element_type=\"widget\" data-e-type=\"widget\" data-widget_type=\"text-editor.default\">\n\t\t\t\t<div class=\"elementor-widget-container\">\n\t\t\t\t\t\t\t\t\t<p><b>Ann-Sofie Hellgren<\/b><\/p><p>CFO<\/p><p><b>Tel.<\/b> <a href=\"tel:+46661140890\">+46(0)661 &#8211; 140 890<\/a><\/p><p><a href=\"mailto:ann-sofie.hellgren@exero.se\">ann-sofie.hellgren@exero.se<\/a><\/p>\t\t\t\t\t\t\t\t<\/div>\n\t\t\t\t<\/div>\n\t\t\t\t\t<\/div>\n\t\t<\/div>\n\t\t\t\t\t<\/div>\n\t\t<\/section>\n\t\t\t\t<section class=\"elementor-section elementor-inner-section elementor-element elementor-element-2efc25d elementor-section-boxed elementor-section-height-default elementor-section-height-default\" data-id=\"2efc25d\" data-element_type=\"section\" data-e-type=\"section\">\n\t\t\t\t\t\t<div class=\"elementor-container elementor-column-gap-default\">\n\t\t\t\t\t<div class=\"elementor-column elementor-col-50 elementor-inner-column elementor-element elementor-element-8ca36f3\" data-id=\"8ca36f3\" data-element_type=\"column\" data-e-type=\"column\">\n\t\t\t<div class=\"elementor-widget-wrap elementor-element-populated\">\n\t\t\t\t\t\t<div class=\"elementor-element elementor-element-504835d elementor-widget elementor-widget-image\" data-id=\"504835d\" data-element_type=\"widget\" data-e-type=\"widget\" data-widget_type=\"image.default\">\n\t\t\t\t<div class=\"elementor-widget-container\">\n\t\t\t\t\t\t\t\t\t\t\t\t\t\t\t<img decoding=\"async\" width=\"150\" height=\"150\" src=\"http:\/\/exero.se\/wp-content\/uploads\/2019\/04\/silouette.png\" class=\"attachment-large size-large wp-image-965\" alt=\"\" \/>\t\t\t\t\t\t\t\t\t\t\t\t\t\t\t<\/div>\n\t\t\t\t<\/div>\n\t\t\t\t\t<\/div>\n\t\t<\/div>\n\t\t\t\t<div class=\"elementor-column elementor-col-50 elementor-inner-column elementor-element elementor-element-3651992\" data-id=\"3651992\" data-element_type=\"column\" data-e-type=\"column\">\n\t\t\t<div class=\"elementor-widget-wrap elementor-element-populated\">\n\t\t\t\t\t\t<div class=\"elementor-element elementor-element-4751bc4 elementor-widget elementor-widget-text-editor\" data-id=\"4751bc4\" data-element_type=\"widget\" data-e-type=\"widget\" data-widget_type=\"text-editor.default\">\n\t\t\t\t<div class=\"elementor-widget-container\">\n\t\t\t\t\t\t\t\t\t<p style=\"font-size: 14px; color: #54595f; font-family: 'Open Sans', sans-serif;\"><b>Lars Hellgren\u00a0<\/b><\/p><p style=\"font-size: 14px; color: #54595f; font-family: 'Open Sans', sans-serif;\">CTO<\/p><p style=\"font-size: 14px; color: #54595f; font-family: 'Open Sans', sans-serif;\"><span style=\"font-weight: bold;\">Tel.<\/span>\u00a0<a href=\"tel:+46661140880\">+46(0)661 &#8211; 140 880<\/a><\/p><p style=\"font-size: 14px; color: #54595f; font-family: 'Open Sans', sans-serif;\"><a href=\"mailto:lars.hellgren@exero.se\">lars.hellgren@exero.se<\/a><\/p>\t\t\t\t\t\t\t\t<\/div>\n\t\t\t\t<\/div>\n\t\t\t\t\t<\/div>\n\t\t<\/div>\n\t\t\t\t\t<\/div>\n\t\t<\/section>\n\t\t\t\t\t<\/div>\n\t\t<\/div>\n\t\t\t\t<div class=\"elementor-column elementor-col-50 elementor-top-column elementor-element elementor-element-ca2bbbd\" data-id=\"ca2bbbd\" data-element_type=\"column\" data-e-type=\"column\">\n\t\t\t<div class=\"elementor-widget-wrap\">\n\t\t\t\t\t\t\t<\/div>\n\t\t<\/div>\n\t\t\t\t\t<\/div>\n\t\t<\/section>\n\t\t\t\t<\/div>","protected":false},"excerpt":{"rendered":"<p>KONTAKTA OSS Vi brinner f\u00f6r att hj\u00e4lpa till och l\u00f6sa problem s\u00e5 tveka inte att h\u00f6ra av er om ni har n\u00e5gra tankar, fr\u00e5gor eller om ni vill l\u00e4gga en best\u00e4llning. Skicka ett mail h\u00e4r intill eller sl\u00e5 en signal. Henrik Munther F\u00f6rs\u00e4ljning Tel. +46(0)661 \u2013 140 885 henrik.munther@exero.se Ann-Sofie Hellgren Ekonomi Tel. +46(0)661 &#8211; [&hellip;]<\/p>\n","protected":false},"author":5,"featured_media":0,"parent":0,"menu_order":0,"comment_status":"closed","ping_status":"closed","template":"elementor_header_footer","meta":{"footnotes":""},"class_list":["post-101","page","type-page","status-publish","hentry"],"yoast_head":"<!-- This site is optimized with the Yoast SEO plugin v27.4 - https:\/\/yoast.com\/product\/yoast-seo-wordpress\/ -->\n<title>Kontakta oss - exero AB<\/title>\n<meta name=\"robots\" content=\"index, follow, max-snippet:-1, max-image-preview:large, max-video-preview:-1\" \/>\n<link rel=\"canonical\" href=\"http:\/\/exero.se\/en\/kontakt\/\" \/>\n<meta property=\"og:locale\" content=\"en_US\" \/>\n<meta property=\"og:type\" content=\"article\" \/>\n<meta property=\"og:title\" content=\"Kontakta oss - exero AB\" \/>\n<meta property=\"og:description\" content=\"KONTAKTA OSS Vi brinner f\u00f6r att hj\u00e4lpa till och l\u00f6sa problem s\u00e5 tveka inte att h\u00f6ra av er om ni har n\u00e5gra tankar, fr\u00e5gor eller om ni vill l\u00e4gga en best\u00e4llning. Skicka ett mail h\u00e4r intill eller sl\u00e5 en signal. Henrik Munther F\u00f6rs\u00e4ljning Tel. +46(0)661 \u2013 140 885 henrik.munther@exero.se Ann-Sofie Hellgren Ekonomi Tel. +46(0)661 &#8211; [&hellip;]\" \/>\n<meta property=\"og:url\" content=\"http:\/\/exero.se\/en\/kontakt\/\" \/>\n<meta property=\"og:site_name\" content=\"exero AB\" \/>\n<meta property=\"article:modified_time\" content=\"2019-09-13T13:39:19+00:00\" \/>\n<meta property=\"og:image\" content=\"http:\/\/exero.se\/wp-content\/uploads\/2019\/04\/silouette.png\" \/>\n<meta name=\"twitter:card\" content=\"summary_large_image\" \/>\n<script type=\"application\/ld+json\" class=\"yoast-schema-graph\">{\"@context\":\"https:\\\/\\\/schema.org\",\"@graph\":[{\"@type\":\"WebPage\",\"@id\":\"http:\\\/\\\/exero.se\\\/en\\\/kontakt\\\/\",\"url\":\"http:\\\/\\\/exero.se\\\/en\\\/kontakt\\\/\",\"name\":\"Kontakta oss - exero AB\",\"isPartOf\":{\"@id\":\"http:\\\/\\\/exero.se\\\/#website\"},\"primaryImageOfPage\":{\"@id\":\"http:\\\/\\\/exero.se\\\/en\\\/kontakt\\\/#primaryimage\"},\"image\":{\"@id\":\"http:\\\/\\\/exero.se\\\/en\\\/kontakt\\\/#primaryimage\"},\"thumbnailUrl\":\"http:\\\/\\\/exero.se\\\/wp-content\\\/uploads\\\/2019\\\/04\\\/silouette.png\",\"datePublished\":\"2019-03-28T07:41:09+00:00\",\"dateModified\":\"2019-09-13T13:39:19+00:00\",\"breadcrumb\":{\"@id\":\"http:\\\/\\\/exero.se\\\/en\\\/kontakt\\\/#breadcrumb\"},\"inLanguage\":\"en-US\",\"potentialAction\":[{\"@type\":\"ReadAction\",\"target\":[\"http:\\\/\\\/exero.se\\\/en\\\/kontakt\\\/\"]}]},{\"@type\":\"ImageObject\",\"inLanguage\":\"en-US\",\"@id\":\"http:\\\/\\\/exero.se\\\/en\\\/kontakt\\\/#primaryimage\",\"url\":\"http:\\\/\\\/exero.se\\\/wp-content\\\/uploads\\\/2019\\\/04\\\/silouette.png\",\"contentUrl\":\"http:\\\/\\\/exero.se\\\/wp-content\\\/uploads\\\/2019\\\/04\\\/silouette.png\"},{\"@type\":\"BreadcrumbList\",\"@id\":\"http:\\\/\\\/exero.se\\\/en\\\/kontakt\\\/#breadcrumb\",\"itemListElement\":[{\"@type\":\"ListItem\",\"position\":1,\"name\":\"Hem\",\"item\":\"http:\\\/\\\/exero.se\\\/\"},{\"@type\":\"ListItem\",\"position\":2,\"name\":\"Kontakta oss\"}]},{\"@type\":\"WebSite\",\"@id\":\"http:\\\/\\\/exero.se\\\/#website\",\"url\":\"http:\\\/\\\/exero.se\\\/\",\"name\":\"exero AB\",\"description\":\"Hydrauliska flak- och markvibratorer\",\"potentialAction\":[{\"@type\":\"SearchAction\",\"target\":{\"@type\":\"EntryPoint\",\"urlTemplate\":\"http:\\\/\\\/exero.se\\\/?s={search_term_string}\"},\"query-input\":{\"@type\":\"PropertyValueSpecification\",\"valueRequired\":true,\"valueName\":\"search_term_string\"}}],\"inLanguage\":\"en-US\"}]}<\/script>\n<!-- \/ Yoast SEO plugin. -->","yoast_head_json":{"title":"Kontakta oss - exero AB","robots":{"index":"index","follow":"follow","max-snippet":"max-snippet:-1","max-image-preview":"max-image-preview:large","max-video-preview":"max-video-preview:-1"},"canonical":"http:\/\/exero.se\/en\/kontakt\/","og_locale":"en_US","og_type":"article","og_title":"Kontakta oss - exero AB","og_description":"KONTAKTA OSS Vi brinner f\u00f6r att hj\u00e4lpa till och l\u00f6sa problem s\u00e5 tveka inte att h\u00f6ra av er om ni har n\u00e5gra tankar, fr\u00e5gor eller om ni vill l\u00e4gga en best\u00e4llning. Skicka ett mail h\u00e4r intill eller sl\u00e5 en signal. Henrik Munther F\u00f6rs\u00e4ljning Tel. +46(0)661 \u2013 140 885 henrik.munther@exero.se Ann-Sofie Hellgren Ekonomi Tel. +46(0)661 &#8211; [&hellip;]","og_url":"http:\/\/exero.se\/en\/kontakt\/","og_site_name":"exero AB","article_modified_time":"2019-09-13T13:39:19+00:00","og_image":[{"url":"http:\/\/exero.se\/wp-content\/uploads\/2019\/04\/silouette.png","type":"","width":"","height":""}],"twitter_card":"summary_large_image","schema":{"@context":"https:\/\/schema.org","@graph":[{"@type":"WebPage","@id":"http:\/\/exero.se\/en\/kontakt\/","url":"http:\/\/exero.se\/en\/kontakt\/","name":"Kontakta oss - exero AB","isPartOf":{"@id":"http:\/\/exero.se\/#website"},"primaryImageOfPage":{"@id":"http:\/\/exero.se\/en\/kontakt\/#primaryimage"},"image":{"@id":"http:\/\/exero.se\/en\/kontakt\/#primaryimage"},"thumbnailUrl":"http:\/\/exero.se\/wp-content\/uploads\/2019\/04\/silouette.png","datePublished":"2019-03-28T07:41:09+00:00","dateModified":"2019-09-13T13:39:19+00:00","breadcrumb":{"@id":"http:\/\/exero.se\/en\/kontakt\/#breadcrumb"},"inLanguage":"en-US","potentialAction":[{"@type":"ReadAction","target":["http:\/\/exero.se\/en\/kontakt\/"]}]},{"@type":"ImageObject","inLanguage":"en-US","@id":"http:\/\/exero.se\/en\/kontakt\/#primaryimage","url":"http:\/\/exero.se\/wp-content\/uploads\/2019\/04\/silouette.png","contentUrl":"http:\/\/exero.se\/wp-content\/uploads\/2019\/04\/silouette.png"},{"@type":"BreadcrumbList","@id":"http:\/\/exero.se\/en\/kontakt\/#breadcrumb","itemListElement":[{"@type":"ListItem","position":1,"name":"Hem","item":"http:\/\/exero.se\/"},{"@type":"ListItem","position":2,"name":"Kontakta oss"}]},{"@type":"WebSite","@id":"http:\/\/exero.se\/#website","url":"http:\/\/exero.se\/","name":"exero AB","description":"Hydrauliska flak- och markvibratorer","potentialAction":[{"@type":"SearchAction","target":{"@type":"EntryPoint","urlTemplate":"http:\/\/exero.se\/?s={search_term_string}"},"query-input":{"@type":"PropertyValueSpecification","valueRequired":true,"valueName":"search_term_string"}}],"inLanguage":"en-US"}]}},"_links":{"self":[{"href":"https:\/\/exero.se\/en\/wp-json\/wp\/v2\/pages\/101","targetHints":{"allow":["GET"]}}],"collection":[{"href":"https:\/\/exero.se\/en\/wp-json\/wp\/v2\/pages"}],"about":[{"href":"https:\/\/exero.se\/en\/wp-json\/wp\/v2\/types\/page"}],"author":[{"embeddable":true,"href":"https:\/\/exero.se\/en\/wp-json\/wp\/v2\/users\/5"}],"replies":[{"embeddable":true,"href":"https:\/\/exero.se\/en\/wp-json\/wp\/v2\/comments?post=101"}],"version-history":[{"count":16,"href":"https:\/\/exero.se\/en\/wp-json\/wp\/v2\/pages\/101\/revisions"}],"predecessor-version":[{"id":1205,"href":"https:\/\/exero.se\/en\/wp-json\/wp\/v2\/pages\/101\/revisions\/1205"}],"wp:attachment":[{"href":"https:\/\/exero.se\/en\/wp-json\/wp\/v2\/media?parent=101"}],"curies":[{"name":"wp","href":"https:\/\/api.w.org\/{rel}","templated":true}]}}