{"id":992,"date":"2019-03-28T15:52:42","date_gmt":"2019-03-28T15:52:42","guid":{"rendered":"http:\/\/traveltrade.hemsida.eu\/wp\/exero\/?page_id=240"},"modified":"2020-02-19T09:15:18","modified_gmt":"2020-02-19T08:15:18","slug":"ex-100","status":"publish","type":"page","link":"http:\/\/exero.se\/en\/ex-100\/","title":{"rendered":"Frontsandare EX 100"},"content":{"rendered":"<div data-elementor-type=\"wp-post\" data-elementor-id=\"992\" class=\"elementor elementor-992\" data-elementor-post-type=\"page\">\n\t\t\t\t\t\t<section class=\"elementor-section elementor-top-section elementor-element elementor-element-ceec735 elementor-section-boxed elementor-section-height-default elementor-section-height-default\" data-id=\"ceec735\" data-element_type=\"section\" data-e-type=\"section\">\n\t\t\t\t\t\t<div class=\"elementor-container elementor-column-gap-default\">\n\t\t\t\t\t<div class=\"elementor-column elementor-col-50 elementor-top-column elementor-element elementor-element-21144e6\" data-id=\"21144e6\" data-element_type=\"column\" data-e-type=\"column\">\n\t\t\t<div class=\"elementor-widget-wrap elementor-element-populated\">\n\t\t\t\t\t\t<div class=\"elementor-element elementor-element-629eab4 elementor-widget elementor-widget-heading\" data-id=\"629eab4\" data-element_type=\"widget\" data-e-type=\"widget\" data-widget_type=\"heading.default\">\n\t\t\t\t<div class=\"elementor-widget-container\">\n\t\t\t\t\t<h1 class=\"elementor-heading-title elementor-size-default\">SAND SPREADER EX 100<\/h1>\t\t\t\t<\/div>\n\t\t\t\t<\/div>\n\t\t\t\t\t<\/div>\n\t\t<\/div>\n\t\t\t\t<div class=\"elementor-column elementor-col-50 elementor-top-column elementor-element elementor-element-420dee9\" data-id=\"420dee9\" data-element_type=\"column\" data-e-type=\"column\">\n\t\t\t<div class=\"elementor-widget-wrap\">\n\t\t\t\t\t\t\t<\/div>\n\t\t<\/div>\n\t\t\t\t\t<\/div>\n\t\t<\/section>\n\t\t\t\t<section class=\"elementor-section elementor-top-section elementor-element elementor-element-17cfaa2 elementor-section-boxed elementor-section-height-default elementor-section-height-default\" data-id=\"17cfaa2\" data-element_type=\"section\" data-e-type=\"section\">\n\t\t\t\t\t\t<div class=\"elementor-container elementor-column-gap-default\">\n\t\t\t\t\t<div class=\"elementor-column elementor-col-50 elementor-top-column elementor-element elementor-element-1ad5e4b\" data-id=\"1ad5e4b\" data-element_type=\"column\" data-e-type=\"column\">\n\t\t\t<div class=\"elementor-widget-wrap elementor-element-populated\">\n\t\t\t\t\t\t<div class=\"elementor-element elementor-element-1121125 elementor-widget elementor-widget-text-editor\" data-id=\"1121125\" data-element_type=\"widget\" data-e-type=\"widget\" data-widget_type=\"text-editor.default\">\n\t\t\t\t<div class=\"elementor-widget-container translation-block\"><ul><li>Increased and safer work environment for the driver<\/li>\n<li>More effective gritting, reduces use of chains<\/li>\n<li>Sand in front of the steer and drive wheels<\/li>\n<li>Mounts onto bracket for snow plow<\/li>\n<li>Hydraulic driven for high reliability<\/li>\n<li>Adjustable material output<\/li>\n<li>Made in Sweden<\/li>\n<\/ul><\/div>\n\t\t\t\t<\/div>\n\t\t\t\t<div class=\"elementor-element elementor-element-5655ff7 elementor-hidden-desktop elementor-hidden-tablet elementor-widget elementor-widget-image\" data-id=\"5655ff7\" data-element_type=\"widget\" data-e-type=\"widget\" data-widget_type=\"image.default\">\n\t\t\t\t<div class=\"elementor-widget-container\">\n\t\t\t\t\t\t\t\t\t\t\t\t\t\t\t<img fetchpriority=\"high\" decoding=\"async\" width=\"494\" height=\"302\" src=\"http:\/\/exero.se\/wp-content\/uploads\/2019\/03\/ex100-1.jpg\" class=\"attachment-large size-large wp-image-920\" alt=\"Frontsandare Exero EX 100\" srcset=\"http:\/\/exero.se\/wp-content\/uploads\/2019\/03\/ex100-1.jpg 494w, http:\/\/exero.se\/wp-content\/uploads\/2019\/03\/ex100-1-300x183.jpg 300w\" sizes=\"(max-width: 494px) 100vw, 494px\" \/>\t\t\t\t\t\t\t\t\t\t\t\t\t\t\t<\/div>\n\t\t\t\t<\/div>\n\t\t\t\t<section class=\"elementor-section elementor-inner-section elementor-element elementor-element-7489c55 elementor-hidden-tablet elementor-section-boxed elementor-section-height-default elementor-section-height-default\" data-id=\"7489c55\" data-element_type=\"section\" data-e-type=\"section\">\n\t\t\t\t\t\t<div class=\"elementor-container elementor-column-gap-default\">\n\t\t\t\t\t<div class=\"elementor-column elementor-col-25 elementor-inner-column elementor-element elementor-element-51ab6c9\" data-id=\"51ab6c9\" data-element_type=\"column\" data-e-type=\"column\">\n\t\t\t<div class=\"elementor-widget-wrap elementor-element-populated\">\n\t\t\t\t\t\t<div class=\"elementor-element elementor-element-469b7f3 elementor-widget elementor-widget-text-editor\" data-id=\"469b7f3\" data-element_type=\"widget\" data-e-type=\"widget\" data-widget_type=\"text-editor.default\">\n\t\t\t\t<div class=\"elementor-widget-container\">\n\t\t\t\t\t\t\t\t\t<div class=\"page\" title=\"Page 4\"><div class=\"section\"><div class=\"layoutArea\"><div class=\"column\"><div class=\"page\" title=\"Page 8\"><div class=\"section\"><div class=\"layoutArea\"><div class=\"column\"><div class=\"page\" title=\"Page 6\"><div class=\"section\"><div class=\"layoutArea\"><div class=\"column\"><p class=\"translation-block\">Weight<br>Depth<br>Width<br>Height<br>Min Hydraulic flow<br>Max Hydraulic flow<\/p><\/div><\/div><\/div><\/div><\/div><\/div><\/div><\/div><\/div><\/div><\/div><\/div>\t\t\t\t\t\t\t\t<\/div>\n\t\t\t\t<\/div>\n\t\t\t\t\t<\/div>\n\t\t<\/div>\n\t\t\t\t<div class=\"elementor-column elementor-col-25 elementor-inner-column elementor-element elementor-element-8932375\" data-id=\"8932375\" data-element_type=\"column\" data-e-type=\"column\">\n\t\t\t<div class=\"elementor-widget-wrap elementor-element-populated\">\n\t\t\t\t\t\t<div class=\"elementor-element elementor-element-704a056 elementor-widget elementor-widget-text-editor\" data-id=\"704a056\" data-element_type=\"widget\" data-e-type=\"widget\" data-widget_type=\"text-editor.default\">\n\t\t\t\t<div class=\"elementor-widget-container\">\n\t\t\t\t\t\t\t\t\t<div class=\"page\" title=\"Page 2\"><div class=\"section\"><div class=\"layoutArea\"><div class=\"column\"><div class=\"page\" title=\"Page 4\"><div class=\"section\"><div class=\"layoutArea\"><div class=\"column\"><div class=\"page\" title=\"Page 8\"><div class=\"section\"><div class=\"layoutArea\"><div class=\"column\"><div class=\"page\" title=\"Page 6\"><div class=\"section\"><div class=\"layoutArea\"><div class=\"column\"><p class=\"translation-block\">490 kg<br>750 mm<br>2560 mm<br>995 mm<br>35 lpm<br>250 lpm<\/p><\/div><\/div><\/div><\/div><\/div><\/div><\/div><\/div><\/div><\/div><\/div><\/div><\/div><\/div><\/div><\/div>\t\t\t\t\t\t\t\t<\/div>\n\t\t\t\t<\/div>\n\t\t\t\t\t<\/div>\n\t\t<\/div>\n\t\t\t\t<div class=\"elementor-column elementor-col-25 elementor-inner-column elementor-element elementor-element-1d38873\" data-id=\"1d38873\" data-element_type=\"column\" data-e-type=\"column\">\n\t\t\t<div class=\"elementor-widget-wrap elementor-element-populated\">\n\t\t\t\t\t\t<div class=\"elementor-element elementor-element-1320ca2 elementor-widget elementor-widget-image\" data-id=\"1320ca2\" data-element_type=\"widget\" data-e-type=\"widget\" data-widget_type=\"image.default\">\n\t\t\t\t<div class=\"elementor-widget-container\">\n\t\t\t\t\t\t\t\t\t\t\t\t<figure class=\"wp-caption\">\n\t\t\t\t\t\t\t\t\t\t\t<a href=\"\/wp-content\/uploads\/2019\/04\/exero_ex100_produktblad.pdf\">\n\t\t\t\t\t\t\t<img decoding=\"async\" width=\"150\" height=\"210\" src=\"http:\/\/exero.se\/wp-content\/uploads\/2019\/04\/produktblad_ex100.jpg\" class=\"attachment-large size-large wp-image-934\" alt=\"EXERO Produktblad EX 100\" \/>\t\t\t\t\t\t\t\t<\/a>\n\t\t\t\t\t\t\t\t\t\t\t<figcaption class=\"widget-image-caption wp-caption-text\">Produktblad EX 100<\/figcaption>\n\t\t\t\t\t\t\t\t\t\t<\/figure>\n\t\t\t\t\t\t\t\t\t<\/div>\n\t\t\t\t<\/div>\n\t\t\t\t\t<\/div>\n\t\t<\/div>\n\t\t\t\t<div class=\"elementor-column elementor-col-25 elementor-inner-column elementor-element elementor-element-da3f0ec\" data-id=\"da3f0ec\" data-element_type=\"column\" data-e-type=\"column\">\n\t\t\t<div class=\"elementor-widget-wrap elementor-element-populated\">\n\t\t\t\t\t\t<div class=\"elementor-element elementor-element-3ef0edd elementor-widget elementor-widget-image\" data-id=\"3ef0edd\" data-element_type=\"widget\" data-e-type=\"widget\" data-widget_type=\"image.default\">\n\t\t\t\t<div class=\"elementor-widget-container\">\n\t\t\t\t\t\t\t\t\t\t\t\t<figure class=\"wp-caption\">\n\t\t\t\t\t\t\t\t\t\t\t<a href=\"\/wp-content\/uploads\/2019\/04\/exero_front_sander_product_sheet.pdf\">\n\t\t\t\t\t\t\t<img decoding=\"async\" width=\"150\" height=\"210\" src=\"http:\/\/exero.se\/wp-content\/uploads\/2019\/04\/exero_ex100_product_sheet.jpg\" class=\"attachment-large size-large wp-image-1128\" alt=\"EXERO Product sheet EX 100\" \/>\t\t\t\t\t\t\t\t<\/a>\n\t\t\t\t\t\t\t\t\t\t\t<figcaption class=\"widget-image-caption wp-caption-text\">Product sheet EX 100<\/figcaption>\n\t\t\t\t\t\t\t\t\t\t<\/figure>\n\t\t\t\t\t\t\t\t\t<\/div>\n\t\t\t\t<\/div>\n\t\t\t\t\t<\/div>\n\t\t<\/div>\n\t\t\t\t\t<\/div>\n\t\t<\/section>\n\t\t\t\t\t<\/div>\n\t\t<\/div>\n\t\t\t\t<div class=\"elementor-column elementor-col-50 elementor-top-column elementor-element elementor-element-1bbf832\" data-id=\"1bbf832\" data-element_type=\"column\" data-e-type=\"column\">\n\t\t\t<div class=\"elementor-widget-wrap elementor-element-populated\">\n\t\t\t\t\t\t<div class=\"elementor-element elementor-element-dfed8d7 elementor-hidden-phone elementor-widget elementor-widget-image\" data-id=\"dfed8d7\" data-element_type=\"widget\" data-e-type=\"widget\" data-widget_type=\"image.default\">\n\t\t\t\t<div class=\"elementor-widget-container\">\n\t\t\t\t\t\t\t\t\t\t\t\t\t\t\t<img fetchpriority=\"high\" decoding=\"async\" width=\"494\" height=\"302\" src=\"http:\/\/exero.se\/wp-content\/uploads\/2019\/03\/ex100-1.jpg\" class=\"attachment-large size-large wp-image-920\" alt=\"Frontsandare Exero EX 100\" srcset=\"http:\/\/exero.se\/wp-content\/uploads\/2019\/03\/ex100-1.jpg 494w, http:\/\/exero.se\/wp-content\/uploads\/2019\/03\/ex100-1-300x183.jpg 300w\" sizes=\"(max-width: 494px) 100vw, 494px\" \/>\t\t\t\t\t\t\t\t\t\t\t\t\t\t\t<\/div>\n\t\t\t\t<\/div>\n\t\t\t\t<div class=\"elementor-element elementor-element-131fbda elementor-widget elementor-widget-image-gallery\" data-id=\"131fbda\" data-element_type=\"widget\" data-e-type=\"widget\" data-widget_type=\"image-gallery.default\">\n\t\t\t\t<div class=\"elementor-widget-container\">\n\t\t\t\t\t\t\t<div class=\"elementor-image-gallery\">\n\t\t\t\t\t<\/div>\n\t\t\t\t\t\t<\/div>\n\t\t\t\t<\/div>\n\t\t\t\t\t<\/div>\n\t\t<\/div>\n\t\t\t\t\t<\/div>\n\t\t<\/section>\n\t\t\t\t<\/div>","protected":false},"excerpt":{"rendered":"<p>FRONTMONTERAD SANDSPRIDARE F\u00d6R LASTBIL EX 100 Exero lanserar nu en sandspridare som underl\u00e4ttar och \u00f6kar s\u00e4kerheten vid halkbek\u00e4mpning.\u00a0De milda vintrarna med regn p\u00e5 frusna v\u00e4gar har gjort halkbek\u00e4mpningen farlig och g\u00f6r att chauff\u00f6rerna uts\u00e4tts f\u00f6r extremt besv\u00e4rliga f\u00f6rh\u00e5llanden. Konceptet med att sanda framf\u00f6r lastbilen har provats i flera \u00e5r av en lokal entrepren\u00f6r och visat [&hellip;]<\/p>\n","protected":false},"author":5,"featured_media":0,"parent":0,"menu_order":0,"comment_status":"closed","ping_status":"closed","template":"elementor_header_footer","meta":{"footnotes":""},"class_list":["post-992","page","type-page","status-publish","hentry"],"yoast_head":"<!-- This site is optimized with the Yoast SEO plugin v27.6 - https:\/\/yoast.com\/product\/yoast-seo-wordpress\/ -->\n<title>Frontsandare EX 100 - exero AB<\/title>\n<meta name=\"robots\" content=\"index, follow, max-snippet:-1, max-image-preview:large, max-video-preview:-1\" \/>\n<link rel=\"canonical\" href=\"http:\/\/exero.se\/en\/ex-100\/\" \/>\n<meta property=\"og:locale\" content=\"en_US\" \/>\n<meta property=\"og:type\" content=\"article\" \/>\n<meta property=\"og:title\" content=\"Frontsandare EX 100 - exero AB\" \/>\n<meta property=\"og:description\" content=\"FRONTMONTERAD SANDSPRIDARE F\u00d6R LASTBIL EX 100 Exero lanserar nu en sandspridare som underl\u00e4ttar och \u00f6kar s\u00e4kerheten vid halkbek\u00e4mpning.\u00a0De milda vintrarna med regn p\u00e5 frusna v\u00e4gar har gjort halkbek\u00e4mpningen farlig och g\u00f6r att chauff\u00f6rerna uts\u00e4tts f\u00f6r extremt besv\u00e4rliga f\u00f6rh\u00e5llanden. Konceptet med att sanda framf\u00f6r lastbilen har provats i flera \u00e5r av en lokal entrepren\u00f6r och visat [&hellip;]\" \/>\n<meta property=\"og:url\" content=\"http:\/\/exero.se\/en\/ex-100\/\" \/>\n<meta property=\"og:site_name\" content=\"exero AB\" \/>\n<meta property=\"article:modified_time\" content=\"2020-02-19T08:15:18+00:00\" \/>\n<meta property=\"og:image\" content=\"http:\/\/exero.se\/wp-content\/uploads\/2019\/03\/ex100-1.jpg\" \/>\n<meta name=\"twitter:card\" content=\"summary_large_image\" \/>\n<meta name=\"twitter:label1\" content=\"Est. reading time\" \/>\n\t<meta name=\"twitter:data1\" content=\"1 minute\" \/>\n<script type=\"application\/ld+json\" class=\"yoast-schema-graph\">{\"@context\":\"https:\\\/\\\/schema.org\",\"@graph\":[{\"@type\":\"WebPage\",\"@id\":\"http:\\\/\\\/exero.se\\\/en\\\/ex-100\\\/\",\"url\":\"http:\\\/\\\/exero.se\\\/en\\\/ex-100\\\/\",\"name\":\"Frontsandare EX 100 - exero AB\",\"isPartOf\":{\"@id\":\"https:\\\/\\\/exero.se\\\/#website\"},\"primaryImageOfPage\":{\"@id\":\"http:\\\/\\\/exero.se\\\/en\\\/ex-100\\\/#primaryimage\"},\"image\":{\"@id\":\"http:\\\/\\\/exero.se\\\/en\\\/ex-100\\\/#primaryimage\"},\"thumbnailUrl\":\"http:\\\/\\\/exero.se\\\/wp-content\\\/uploads\\\/2019\\\/03\\\/ex100-1.jpg\",\"datePublished\":\"2019-03-28T15:52:42+00:00\",\"dateModified\":\"2020-02-19T08:15:18+00:00\",\"breadcrumb\":{\"@id\":\"http:\\\/\\\/exero.se\\\/en\\\/ex-100\\\/#breadcrumb\"},\"inLanguage\":\"en-US\",\"potentialAction\":[{\"@type\":\"ReadAction\",\"target\":[\"http:\\\/\\\/exero.se\\\/en\\\/ex-100\\\/\"]}]},{\"@type\":\"ImageObject\",\"inLanguage\":\"en-US\",\"@id\":\"http:\\\/\\\/exero.se\\\/en\\\/ex-100\\\/#primaryimage\",\"url\":\"http:\\\/\\\/exero.se\\\/wp-content\\\/uploads\\\/2019\\\/03\\\/ex100-1.jpg\",\"contentUrl\":\"http:\\\/\\\/exero.se\\\/wp-content\\\/uploads\\\/2019\\\/03\\\/ex100-1.jpg\"},{\"@type\":\"BreadcrumbList\",\"@id\":\"http:\\\/\\\/exero.se\\\/en\\\/ex-100\\\/#breadcrumb\",\"itemListElement\":[{\"@type\":\"ListItem\",\"position\":1,\"name\":\"Hem\",\"item\":\"https:\\\/\\\/exero.se\\\/\"},{\"@type\":\"ListItem\",\"position\":2,\"name\":\"Frontsandare EX 100\"}]},{\"@type\":\"WebSite\",\"@id\":\"https:\\\/\\\/exero.se\\\/#website\",\"url\":\"https:\\\/\\\/exero.se\\\/\",\"name\":\"exero AB\",\"description\":\"Hydrauliska flak- och markvibratorer\",\"potentialAction\":[{\"@type\":\"SearchAction\",\"target\":{\"@type\":\"EntryPoint\",\"urlTemplate\":\"https:\\\/\\\/exero.se\\\/?s={search_term_string}\"},\"query-input\":{\"@type\":\"PropertyValueSpecification\",\"valueRequired\":true,\"valueName\":\"search_term_string\"}}],\"inLanguage\":\"en-US\"}]}<\/script>\n<!-- \/ Yoast SEO plugin. -->","yoast_head_json":{"title":"Frontsandare EX 100 - exero AB","robots":{"index":"index","follow":"follow","max-snippet":"max-snippet:-1","max-image-preview":"max-image-preview:large","max-video-preview":"max-video-preview:-1"},"canonical":"http:\/\/exero.se\/en\/ex-100\/","og_locale":"en_US","og_type":"article","og_title":"Frontsandare EX 100 - exero AB","og_description":"FRONTMONTERAD SANDSPRIDARE F\u00d6R LASTBIL EX 100 Exero lanserar nu en sandspridare som underl\u00e4ttar och \u00f6kar s\u00e4kerheten vid halkbek\u00e4mpning.\u00a0De milda vintrarna med regn p\u00e5 frusna v\u00e4gar har gjort halkbek\u00e4mpningen farlig och g\u00f6r att chauff\u00f6rerna uts\u00e4tts f\u00f6r extremt besv\u00e4rliga f\u00f6rh\u00e5llanden. Konceptet med att sanda framf\u00f6r lastbilen har provats i flera \u00e5r av en lokal entrepren\u00f6r och visat [&hellip;]","og_url":"http:\/\/exero.se\/en\/ex-100\/","og_site_name":"exero AB","article_modified_time":"2020-02-19T08:15:18+00:00","og_image":[{"url":"http:\/\/exero.se\/wp-content\/uploads\/2019\/03\/ex100-1.jpg","type":"","width":"","height":""}],"twitter_card":"summary_large_image","twitter_misc":{"Est. reading time":"1 minute"},"schema":{"@context":"https:\/\/schema.org","@graph":[{"@type":"WebPage","@id":"http:\/\/exero.se\/en\/ex-100\/","url":"http:\/\/exero.se\/en\/ex-100\/","name":"Frontsandare EX 100 - exero AB","isPartOf":{"@id":"https:\/\/exero.se\/#website"},"primaryImageOfPage":{"@id":"http:\/\/exero.se\/en\/ex-100\/#primaryimage"},"image":{"@id":"http:\/\/exero.se\/en\/ex-100\/#primaryimage"},"thumbnailUrl":"http:\/\/exero.se\/wp-content\/uploads\/2019\/03\/ex100-1.jpg","datePublished":"2019-03-28T15:52:42+00:00","dateModified":"2020-02-19T08:15:18+00:00","breadcrumb":{"@id":"http:\/\/exero.se\/en\/ex-100\/#breadcrumb"},"inLanguage":"en-US","potentialAction":[{"@type":"ReadAction","target":["http:\/\/exero.se\/en\/ex-100\/"]}]},{"@type":"ImageObject","inLanguage":"en-US","@id":"http:\/\/exero.se\/en\/ex-100\/#primaryimage","url":"http:\/\/exero.se\/wp-content\/uploads\/2019\/03\/ex100-1.jpg","contentUrl":"http:\/\/exero.se\/wp-content\/uploads\/2019\/03\/ex100-1.jpg"},{"@type":"BreadcrumbList","@id":"http:\/\/exero.se\/en\/ex-100\/#breadcrumb","itemListElement":[{"@type":"ListItem","position":1,"name":"Hem","item":"https:\/\/exero.se\/"},{"@type":"ListItem","position":2,"name":"Frontsandare EX 100"}]},{"@type":"WebSite","@id":"https:\/\/exero.se\/#website","url":"https:\/\/exero.se\/","name":"exero AB","description":"Hydrauliska flak- och markvibratorer","potentialAction":[{"@type":"SearchAction","target":{"@type":"EntryPoint","urlTemplate":"https:\/\/exero.se\/?s={search_term_string}"},"query-input":{"@type":"PropertyValueSpecification","valueRequired":true,"valueName":"search_term_string"}}],"inLanguage":"en-US"}]}},"_links":{"self":[{"href":"http:\/\/exero.se\/en\/wp-json\/wp\/v2\/pages\/992","targetHints":{"allow":["GET"]}}],"collection":[{"href":"http:\/\/exero.se\/en\/wp-json\/wp\/v2\/pages"}],"about":[{"href":"http:\/\/exero.se\/en\/wp-json\/wp\/v2\/types\/page"}],"author":[{"embeddable":true,"href":"http:\/\/exero.se\/en\/wp-json\/wp\/v2\/users\/5"}],"replies":[{"embeddable":true,"href":"http:\/\/exero.se\/en\/wp-json\/wp\/v2\/comments?post=992"}],"version-history":[{"count":5,"href":"http:\/\/exero.se\/en\/wp-json\/wp\/v2\/pages\/992\/revisions"}],"predecessor-version":[{"id":1231,"href":"http:\/\/exero.se\/en\/wp-json\/wp\/v2\/pages\/992\/revisions\/1231"}],"wp:attachment":[{"href":"http:\/\/exero.se\/en\/wp-json\/wp\/v2\/media?parent=992"}],"curies":[{"name":"wp","href":"https:\/\/api.w.org\/{rel}","templated":true}]}}