{"id":1004,"date":"2019-04-02T13:08:40","date_gmt":"2019-04-02T13:08:40","guid":{"rendered":"http:\/\/traveltrade.hemsida.eu\/wp\/exero\/?page_id=604"},"modified":"2020-02-19T09:16:00","modified_gmt":"2020-02-19T08:16:00","slug":"sorteringsskopor","status":"publish","type":"page","link":"http:\/\/exero.se\/en\/sorteringsskopor\/","title":{"rendered":"SCREENING BUCKETS"},"content":{"rendered":"<div data-elementor-type=\"wp-post\" data-elementor-id=\"1004\" class=\"elementor elementor-1004\" data-elementor-post-type=\"page\">\n\t\t\t\t\t\t<section class=\"elementor-section elementor-top-section elementor-element elementor-element-d8fba06 elementor-section-boxed elementor-section-height-default elementor-section-height-default\" data-id=\"d8fba06\" data-element_type=\"section\" data-e-type=\"section\">\n\t\t\t\t\t\t<div class=\"elementor-container elementor-column-gap-default\">\n\t\t\t\t\t<div class=\"elementor-column elementor-col-50 elementor-top-column elementor-element elementor-element-afb7a68\" data-id=\"afb7a68\" data-element_type=\"column\" data-e-type=\"column\">\n\t\t\t<div class=\"elementor-widget-wrap elementor-element-populated\">\n\t\t\t\t\t\t<div class=\"elementor-element elementor-element-13caa51 elementor-widget elementor-widget-heading\" data-id=\"13caa51\" data-element_type=\"widget\" data-e-type=\"widget\" data-widget_type=\"heading.default\">\n\t\t\t\t<div class=\"elementor-widget-container\">\n\t\t\t\t\t<h1 class=\"elementor-heading-title elementor-size-default\">SCREEN BUCKETS<\/h1>\t\t\t\t<\/div>\n\t\t\t\t<\/div>\n\t\t\t\t\t<\/div>\n\t\t<\/div>\n\t\t\t\t<div class=\"elementor-column elementor-col-50 elementor-top-column elementor-element elementor-element-431c783\" data-id=\"431c783\" data-element_type=\"column\" data-e-type=\"column\">\n\t\t\t<div class=\"elementor-widget-wrap\">\n\t\t\t\t\t\t\t<\/div>\n\t\t<\/div>\n\t\t\t\t\t<\/div>\n\t\t<\/section>\n\t\t\t\t<section class=\"elementor-section elementor-top-section elementor-element elementor-element-9f933f7 elementor-section-boxed elementor-section-height-default elementor-section-height-default\" data-id=\"9f933f7\" data-element_type=\"section\" data-e-type=\"section\">\n\t\t\t\t\t\t<div class=\"elementor-container elementor-column-gap-default\">\n\t\t\t\t\t<div class=\"elementor-column elementor-col-50 elementor-top-column elementor-element elementor-element-372b09f\" data-id=\"372b09f\" data-element_type=\"column\" data-e-type=\"column\">\n\t\t\t<div class=\"elementor-widget-wrap elementor-element-populated\">\n\t\t\t\t\t\t<div class=\"elementor-element elementor-element-2d6fd5e elementor-widget elementor-widget-text-editor\" data-id=\"2d6fd5e\" data-element_type=\"widget\" data-e-type=\"widget\" data-widget_type=\"text-editor.default\">\n\t\t\t\t<div class=\"elementor-widget-container\">\n\t\t\t\t\t\t\t\t\t<p>Buckets for screen and spreading.<\/p>\t\t\t\t\t\t\t\t<\/div>\n\t\t\t\t<\/div>\n\t\t\t\t<div class=\"elementor-element elementor-element-65cd38b elementor-widget elementor-widget-heading\" data-id=\"65cd38b\" data-element_type=\"widget\" data-e-type=\"widget\" data-widget_type=\"heading.default\">\n\t\t\t\t<div class=\"elementor-widget-container\">\n\t\t\t\t\t<h3 class=\"elementor-heading-title elementor-size-default\">Key features<\/h3>\t\t\t\t<\/div>\n\t\t\t\t<\/div>\n\t\t\t\t<div class=\"elementor-element elementor-element-ec8aaee elementor-widget elementor-widget-text-editor\" data-id=\"ec8aaee\" data-element_type=\"widget\" data-e-type=\"widget\" data-widget_type=\"text-editor.default\">\n\t\t\t\t<div class=\"elementor-widget-container\">\n\t\t\t\t\t\t\t\t\t<ul><li>Perfect equipment for sorting and spreading of sand, salt, soil or similar material<\/li><li>Effective when sorting out stones form fields<\/li><li>Refilling electrical and drain trenches<\/li><li>Spreads the material evenly<\/li><li>Vibrates with a hydraulic vibrator<\/li><li>Screen mesh can be mounted for smaller fractions<\/li><\/ul>\t\t\t\t\t\t\t\t<\/div>\n\t\t\t\t<\/div>\n\t\t\t\t<div class=\"elementor-element elementor-element-e3fa777 elementor-widget elementor-widget-heading\" data-id=\"e3fa777\" data-element_type=\"widget\" data-e-type=\"widget\" data-widget_type=\"heading.default\">\n\t\t\t\t<div class=\"elementor-widget-container\">\n\t\t\t\t\t<h3 class=\"elementor-heading-title elementor-size-default\">Our models<\/h3>\t\t\t\t<\/div>\n\t\t\t\t<\/div>\n\t\t\t\t<div class=\"elementor-element elementor-element-6ee7c5e elementor-widget elementor-widget-text-editor\" data-id=\"6ee7c5e\" data-element_type=\"widget\" data-e-type=\"widget\" data-widget_type=\"text-editor.default\">\n\t\t\t\t<div class=\"elementor-widget-container\">\n\t\t\t\t\t\t\t\t\t<ul><li><a href=\"\/en\/ex-240\/\">EX 240<\/a><\/li><li><a href=\"\/en\/ex-300\/\">EX 300<\/a><\/li><\/ul>\t\t\t\t\t\t\t\t<\/div>\n\t\t\t\t<\/div>\n\t\t\t\t\t<\/div>\n\t\t<\/div>\n\t\t\t\t<div class=\"elementor-column elementor-col-50 elementor-top-column elementor-element elementor-element-c703965\" data-id=\"c703965\" data-element_type=\"column\" data-e-type=\"column\">\n\t\t\t<div class=\"elementor-widget-wrap elementor-element-populated\">\n\t\t\t\t\t\t<div class=\"elementor-element elementor-element-b68295e elementor-widget elementor-widget-image\" data-id=\"b68295e\" data-element_type=\"widget\" data-e-type=\"widget\" data-widget_type=\"image.default\">\n\t\t\t\t<div class=\"elementor-widget-container\">\n\t\t\t\t\t\t\t\t\t\t\t\t\t\t\t<img fetchpriority=\"high\" decoding=\"async\" width=\"500\" height=\"375\" src=\"http:\/\/exero.se\/wp-content\/uploads\/2019\/04\/spridningsskopor.jpg\" class=\"attachment-full size-full wp-image-948\" alt=\"Spridningsskopa\" srcset=\"http:\/\/exero.se\/wp-content\/uploads\/2019\/04\/spridningsskopor.jpg 500w, http:\/\/exero.se\/wp-content\/uploads\/2019\/04\/spridningsskopor-300x225.jpg 300w\" sizes=\"(max-width: 500px) 100vw, 500px\" \/>\t\t\t\t\t\t\t\t\t\t\t\t\t\t\t<\/div>\n\t\t\t\t<\/div>\n\t\t\t\t\t<\/div>\n\t\t<\/div>\n\t\t\t\t\t<\/div>\n\t\t<\/section>\n\t\t\t\t<\/div>","protected":false},"excerpt":{"rendered":"<p>SPRIDNINGS- OCH SORTERINGSSKOPOR Med v\u00e5ra skopor f\u00f6r spridning och sortering kan ni \u00e5tervinna milj\u00f6v\u00e4nligt och kostnadseffektivt, direkt p\u00e5 arbetsplatsen! St\u00e4llbar materialstorlek 20 &#8211; 200mm. Sortering, siktning, s\u00e5llning och siktning av olika typer av sand, salt, kross, matjord eller liknande material. H\u00e5llbar och rej\u00e4l konstruktion! Anv\u00e4ndningsomr\u00e5den Bortplockning av sten fr\u00e5n \u00e5krar \u00c5terfyllning av VA-diken Spridning av [&hellip;]<\/p>\n","protected":false},"author":5,"featured_media":0,"parent":0,"menu_order":0,"comment_status":"closed","ping_status":"closed","template":"elementor_header_footer","meta":{"footnotes":""},"class_list":["post-1004","page","type-page","status-publish","hentry"],"yoast_head":"<!-- This site is optimized with the Yoast SEO plugin v27.5 - https:\/\/yoast.com\/product\/yoast-seo-wordpress\/ -->\n<title>Sorteringsskopor f\u00f6r gr\u00e4vmaskin och hjullastare - Exero<\/title>\n<meta name=\"description\" content=\"Svensktillverkade skopor f\u00f6r spridning och sortering. Med rej\u00e4l konstruktion och hydraulisk vibrator. L\u00e4s mer p\u00e5 v\u00e5r webbplats!\" \/>\n<meta name=\"robots\" content=\"index, follow, max-snippet:-1, max-image-preview:large, max-video-preview:-1\" \/>\n<link rel=\"canonical\" href=\"http:\/\/exero.se\/en\/sorteringsskopor\/\" \/>\n<meta property=\"og:locale\" content=\"en_US\" \/>\n<meta property=\"og:type\" content=\"article\" \/>\n<meta property=\"og:title\" content=\"Sorteringsskopor f\u00f6r gr\u00e4vmaskin och hjullastare - Exero\" \/>\n<meta property=\"og:description\" content=\"Svensktillverkade skopor f\u00f6r spridning och sortering. Med rej\u00e4l konstruktion och hydraulisk vibrator. L\u00e4s mer p\u00e5 v\u00e5r webbplats!\" \/>\n<meta property=\"og:url\" content=\"http:\/\/exero.se\/en\/sorteringsskopor\/\" \/>\n<meta property=\"og:site_name\" content=\"exero AB\" \/>\n<meta property=\"article:modified_time\" content=\"2020-02-19T08:16:00+00:00\" \/>\n<meta property=\"og:image\" content=\"http:\/\/exero.se\/wp-content\/uploads\/2019\/04\/spridningsskopor.jpg\" \/>\n<meta name=\"twitter:card\" content=\"summary_large_image\" \/>\n<script type=\"application\/ld+json\" class=\"yoast-schema-graph\">{\"@context\":\"https:\\\/\\\/schema.org\",\"@graph\":[{\"@type\":\"WebPage\",\"@id\":\"http:\\\/\\\/exero.se\\\/sorteringsskopor\\\/\",\"url\":\"http:\\\/\\\/exero.se\\\/sorteringsskopor\\\/\",\"name\":\"Sorteringsskopor f\u00f6r gr\u00e4vmaskin och hjullastare - Exero\",\"isPartOf\":{\"@id\":\"http:\\\/\\\/exero.se\\\/#website\"},\"primaryImageOfPage\":{\"@id\":\"http:\\\/\\\/exero.se\\\/sorteringsskopor\\\/#primaryimage\"},\"image\":{\"@id\":\"http:\\\/\\\/exero.se\\\/sorteringsskopor\\\/#primaryimage\"},\"thumbnailUrl\":\"http:\\\/\\\/exero.se\\\/wp-content\\\/uploads\\\/2019\\\/04\\\/spridningsskopor.jpg\",\"datePublished\":\"2019-04-02T13:08:40+00:00\",\"dateModified\":\"2020-02-19T08:16:00+00:00\",\"description\":\"Svensktillverkade skopor f\u00f6r spridning och sortering. Med rej\u00e4l konstruktion och hydraulisk vibrator. L\u00e4s mer p\u00e5 v\u00e5r webbplats!\",\"breadcrumb\":{\"@id\":\"http:\\\/\\\/exero.se\\\/sorteringsskopor\\\/#breadcrumb\"},\"inLanguage\":\"en-US\",\"potentialAction\":[{\"@type\":\"ReadAction\",\"target\":[\"http:\\\/\\\/exero.se\\\/sorteringsskopor\\\/\"]}]},{\"@type\":\"ImageObject\",\"inLanguage\":\"en-US\",\"@id\":\"http:\\\/\\\/exero.se\\\/sorteringsskopor\\\/#primaryimage\",\"url\":\"http:\\\/\\\/exero.se\\\/wp-content\\\/uploads\\\/2019\\\/04\\\/spridningsskopor.jpg\",\"contentUrl\":\"http:\\\/\\\/exero.se\\\/wp-content\\\/uploads\\\/2019\\\/04\\\/spridningsskopor.jpg\"},{\"@type\":\"BreadcrumbList\",\"@id\":\"http:\\\/\\\/exero.se\\\/sorteringsskopor\\\/#breadcrumb\",\"itemListElement\":[{\"@type\":\"ListItem\",\"position\":1,\"name\":\"Hem\",\"item\":\"http:\\\/\\\/exero.se\\\/\"},{\"@type\":\"ListItem\",\"position\":2,\"name\":\"Sorteringsskopor\"}]},{\"@type\":\"WebSite\",\"@id\":\"http:\\\/\\\/exero.se\\\/#website\",\"url\":\"http:\\\/\\\/exero.se\\\/\",\"name\":\"exero AB\",\"description\":\"Hydrauliska flak- och markvibratorer\",\"potentialAction\":[{\"@type\":\"SearchAction\",\"target\":{\"@type\":\"EntryPoint\",\"urlTemplate\":\"http:\\\/\\\/exero.se\\\/?s={search_term_string}\"},\"query-input\":{\"@type\":\"PropertyValueSpecification\",\"valueRequired\":true,\"valueName\":\"search_term_string\"}}],\"inLanguage\":\"en-US\"}]}<\/script>\n<!-- \/ Yoast SEO plugin. -->","yoast_head_json":{"title":"Sorteringsskopor f\u00f6r gr\u00e4vmaskin och hjullastare - Exero","description":"Svensktillverkade skopor f\u00f6r spridning och sortering. Med rej\u00e4l konstruktion och hydraulisk vibrator. L\u00e4s mer p\u00e5 v\u00e5r webbplats!","robots":{"index":"index","follow":"follow","max-snippet":"max-snippet:-1","max-image-preview":"max-image-preview:large","max-video-preview":"max-video-preview:-1"},"canonical":"http:\/\/exero.se\/en\/sorteringsskopor\/","og_locale":"en_US","og_type":"article","og_title":"Sorteringsskopor f\u00f6r gr\u00e4vmaskin och hjullastare - Exero","og_description":"Svensktillverkade skopor f\u00f6r spridning och sortering. Med rej\u00e4l konstruktion och hydraulisk vibrator. L\u00e4s mer p\u00e5 v\u00e5r webbplats!","og_url":"http:\/\/exero.se\/en\/sorteringsskopor\/","og_site_name":"exero AB","article_modified_time":"2020-02-19T08:16:00+00:00","og_image":[{"url":"http:\/\/exero.se\/wp-content\/uploads\/2019\/04\/spridningsskopor.jpg","type":"","width":"","height":""}],"twitter_card":"summary_large_image","schema":{"@context":"https:\/\/schema.org","@graph":[{"@type":"WebPage","@id":"http:\/\/exero.se\/sorteringsskopor\/","url":"http:\/\/exero.se\/sorteringsskopor\/","name":"Sorteringsskopor f\u00f6r gr\u00e4vmaskin och hjullastare - Exero","isPartOf":{"@id":"http:\/\/exero.se\/#website"},"primaryImageOfPage":{"@id":"http:\/\/exero.se\/sorteringsskopor\/#primaryimage"},"image":{"@id":"http:\/\/exero.se\/sorteringsskopor\/#primaryimage"},"thumbnailUrl":"http:\/\/exero.se\/wp-content\/uploads\/2019\/04\/spridningsskopor.jpg","datePublished":"2019-04-02T13:08:40+00:00","dateModified":"2020-02-19T08:16:00+00:00","description":"Svensktillverkade skopor f\u00f6r spridning och sortering. Med rej\u00e4l konstruktion och hydraulisk vibrator. L\u00e4s mer p\u00e5 v\u00e5r webbplats!","breadcrumb":{"@id":"http:\/\/exero.se\/sorteringsskopor\/#breadcrumb"},"inLanguage":"en-US","potentialAction":[{"@type":"ReadAction","target":["http:\/\/exero.se\/sorteringsskopor\/"]}]},{"@type":"ImageObject","inLanguage":"en-US","@id":"http:\/\/exero.se\/sorteringsskopor\/#primaryimage","url":"http:\/\/exero.se\/wp-content\/uploads\/2019\/04\/spridningsskopor.jpg","contentUrl":"http:\/\/exero.se\/wp-content\/uploads\/2019\/04\/spridningsskopor.jpg"},{"@type":"BreadcrumbList","@id":"http:\/\/exero.se\/sorteringsskopor\/#breadcrumb","itemListElement":[{"@type":"ListItem","position":1,"name":"Hem","item":"http:\/\/exero.se\/"},{"@type":"ListItem","position":2,"name":"Sorteringsskopor"}]},{"@type":"WebSite","@id":"http:\/\/exero.se\/#website","url":"http:\/\/exero.se\/","name":"exero AB","description":"Hydrauliska flak- och markvibratorer","potentialAction":[{"@type":"SearchAction","target":{"@type":"EntryPoint","urlTemplate":"http:\/\/exero.se\/?s={search_term_string}"},"query-input":{"@type":"PropertyValueSpecification","valueRequired":true,"valueName":"search_term_string"}}],"inLanguage":"en-US"}]}},"_links":{"self":[{"href":"http:\/\/exero.se\/en\/wp-json\/wp\/v2\/pages\/1004","targetHints":{"allow":["GET"]}}],"collection":[{"href":"http:\/\/exero.se\/en\/wp-json\/wp\/v2\/pages"}],"about":[{"href":"http:\/\/exero.se\/en\/wp-json\/wp\/v2\/types\/page"}],"author":[{"embeddable":true,"href":"http:\/\/exero.se\/en\/wp-json\/wp\/v2\/users\/5"}],"replies":[{"embeddable":true,"href":"http:\/\/exero.se\/en\/wp-json\/wp\/v2\/comments?post=1004"}],"version-history":[{"count":3,"href":"http:\/\/exero.se\/en\/wp-json\/wp\/v2\/pages\/1004\/revisions"}],"predecessor-version":[{"id":1232,"href":"http:\/\/exero.se\/en\/wp-json\/wp\/v2\/pages\/1004\/revisions\/1232"}],"wp:attachment":[{"href":"http:\/\/exero.se\/en\/wp-json\/wp\/v2\/media?parent=1004"}],"curies":[{"name":"wp","href":"https:\/\/api.w.org\/{rel}","templated":true}]}}